{"id":4624,"date":"2025-12-27T15:48:00","date_gmt":"2025-12-27T14:48:00","guid":{"rendered":"https:\/\/halnoel1234-kmnuz.wpcomstaging.com\/?post_type=product&#038;p=4624"},"modified":"2026-03-30T18:11:07","modified_gmt":"2026-03-30T16:11:07","slug":"kolbe-k260-csontfuresz","status":"publish","type":"product","link":"https:\/\/kromiker.hu\/en\/product\/kolbe-k260-csontfuresz\/","title":{"rendered":"Kolbe K260 bone saw"},"content":{"rendered":"<p><strong>Main features:<\/strong><\/p>\n<ul>\n<li><strong>Design:<\/strong>\u00a0Robust, desktop model, made entirely from stainless material for a high level of hygiene and easy cleaning.<\/li>\n<li><strong>Hygiene and safety<\/strong>\u00a0The machine's design complies with strict hygiene regulations. It is equipped with safety features such as a precise saw blade guide, three-sided saw blade guard, and push-button control with a motor brake (the machine stops immediately when the emergency button is pressed or the door is opened).<\/li>\n<li><strong>Cleaning<\/strong>\u00a0The removable saw blade has scrapers, making cleaning and maintenance easier.<\/li>\n<li><strong>Saw blade<\/strong>\u00a02170 mm hossz\u00fa f\u0171r\u00e9szlapot haszn\u00e1l.<\/li>\n<li><strong>Features:<\/strong>\u00a0Gyorsfesz\u00edt\u0151 szerkezettel \u00e9s adagol\u00f3\/porci\u00f3z\u00f3 \u00e1ll\u00edt\u00e1ssal, rendelkezik<\/li>\n<\/ul>\n<p><strong>The basic model has the following features:<\/strong><\/p>\n<ul>\n<li>Adag\u00fctk\u00f6z\u0151vel, amivel a szeletek vastags\u00e1g \u00e1ll\u00edthat\u00f3<\/li>\n<li>3 oldalas Biztons\u00e1gi anyagelnyom\u00f3val<\/li>\n<li>Bone meal collection tank<\/li>\n<li>levehet\u0151 szalagleh\u00faz\u00f3val (szalagtiszt\u00edt\u00f3val)<\/li>\n<li>rozsdamentes ac\u00e9l l\u00e1bbakkal<\/li>\n<li>Prec\u00edz f\u0171r\u00e9szszalagvezet\u0151<\/li>\n<li>Rozsdamentes kerekekkel<\/li>\n<\/ul>\n<p><strong>Accessories and optional accessories:<\/strong><\/p>\n<ul>\n<li>Mobil gurul\u00f3 kerekek<\/li>\n<li>Available in both left and right-hand versions, according to user requirements.<\/li>\n<\/ul>","protected":false},"excerpt":{"rendered":"<p>A Kolbe K260 csontf\u0171r\u00e9sz \u00e9s megb\u00edzhat\u00f3, er\u0151s \u00e9s higi\u00e9nikus megold\u00e1s a h\u00fasfeldolgoz\u00e1s sz\u00e1m\u00e1ra, amely hossz\u00fa t\u00e1von is biztos\u00edtja a pontos, biztons\u00e1gos \u00e9s gazdas\u00e1gos m\u0171k\u00f6d\u00e9st.<\/p>\n<p><strong>Applications:<\/strong><\/p>\n<ul>\n<li>Ide\u00e1lis eszk\u00f6z nagyobb h\u00fasdarabok, friss h\u00fasok sert\u00e9s, marha juh stb., csontok \u00e9s kisebb mennyis\u00e9g\u0171 fagyasztott term\u00e9kek v\u00e1g\u00e1s\u00e1ra.<\/li>\n<\/ul>","protected":false},"featured_media":4626,"template":"","meta":{"_acf_changed":false,"_kad_post_transparent":"default","_kad_post_title":"","_kad_post_layout":"default","_kad_post_sidebar_id":"","_kad_post_content_style":"default","_kad_post_vertical_padding":"default","_kad_post_feature":"","_kad_post_feature_position":"","_kad_post_header":false,"_kad_post_footer":false,"_kad_post_classname":""},"pwb-brand":[],"product_brand":[1691],"product_cat":[1849,1737],"product_tag":[1858],"class_list":{"0":"post-4624","1":"product","2":"type-product","3":"status-publish","4":"has-post-thumbnail","6":"product_brand-kolbe","7":"product_cat-szalagoscsontfureszek","8":"product_cat-vagas-darabolas","9":"product_tag-kolbe","11":"first","12":"instock","13":"shipping-taxable","14":"product-type-simple","15":"entry","16":"content-bg","17":"loop-entry"},"acf":[],"brands":[],"_links":{"self":[{"href":"https:\/\/kromiker.hu\/en\/wp-json\/wp\/v2\/product\/4624","targetHints":{"allow":["GET"]}}],"collection":[{"href":"https:\/\/kromiker.hu\/en\/wp-json\/wp\/v2\/product"}],"about":[{"href":"https:\/\/kromiker.hu\/en\/wp-json\/wp\/v2\/types\/product"}],"wp:featuredmedia":[{"embeddable":true,"href":"https:\/\/kromiker.hu\/en\/wp-json\/wp\/v2\/media\/4626"}],"wp:attachment":[{"href":"https:\/\/kromiker.hu\/en\/wp-json\/wp\/v2\/media?parent=4624"}],"wp:term":[{"taxonomy":"pwb-brand","embeddable":true,"href":"https:\/\/kromiker.hu\/en\/wp-json\/wp\/v2\/pwb-brand?post=4624"},{"taxonomy":"product_brand","embeddable":true,"href":"https:\/\/kromiker.hu\/en\/wp-json\/wp\/v2\/product_brand?post=4624"},{"taxonomy":"product_cat","embeddable":true,"href":"https:\/\/kromiker.hu\/en\/wp-json\/wp\/v2\/product_cat?post=4624"},{"taxonomy":"product_tag","embeddable":true,"href":"https:\/\/kromiker.hu\/en\/wp-json\/wp\/v2\/product_tag?post=4624"}],"curies":[{"name":"wp","href":"https:\/\/api.w.org\/{rel}","templated":true}]}}