{"id":4649,"date":"2025-12-28T17:37:40","date_gmt":"2025-12-28T16:37:40","guid":{"rendered":"https:\/\/halnoel1234-kmnuz.wpcomstaging.com\/?post_type=product&#038;p=4649"},"modified":"2026-03-30T21:01:23","modified_gmt":"2026-03-30T19:01:23","slug":"pss-sf420-fagyotthustomb-maro-gep","status":"publish","type":"product","link":"https:\/\/kromiker.hu\/en\/product\/pss-sf420-fagyotthustomb-maro-gep\/","title":{"rendered":"PSS SF420 frozen meat block milling machine"},"content":{"rendered":"<p><strong>Main features:<\/strong><\/p>\n<ul>\n<li>K\u00edm\u00e9letes, tiszta v\u00e1g\u00e1s egyenletes pehelym\u00e9rettel<\/li>\n<li>Fagyasztott alapanyag feldolgoz\u00e1sa ak\u00e1r <strong data-start=\"732\" data-end=\"742\">\u201325 \u00b0C<\/strong>-ig<\/li>\n<li>Kis, k\u00f6zepes \u00e9s nagy pehelym\u00e9ret kialak\u00edt\u00e1sa<\/li>\n<li>Billenthet\u0151 bet\u00f6lt\u0151asztal az egyszer\u0171 anyagkezel\u00e9shez<\/li>\n<li>Automatikus tol\u00f3mechanizmus a prec\u00edz v\u00e1g\u00e1si poz\u00edci\u00f3\u00e9rt<\/li>\n<li>Nagy teljes\u00edtm\u00e9ny\u0171 v\u00e1g\u00f3dob, ak\u00e1r <strong data-start=\"949\" data-end=\"971\">600 \u00d7 400 \u00d7 200 mm<\/strong> blokkm\u00e9retig<\/li>\n<li>T\u00f6bb k\u00e9ses rendszer, alapfelszerelts\u00e9gk\u00e9nt <strong data-start=\"1032\" data-end=\"1064\">3 \u00e1ll\u00edthat\u00f3 v\u00e1g\u00e1si vastags\u00e1g<\/strong><\/li>\n<li>Biztons\u00e1gi billen\u0151fed\u00e9l a kezel\u0151 v\u00e9delm\u00e9\u00e9rt<\/li>\n<li>Higi\u00e9nikus, pol\u00edrozott fel\u00fcletek<\/li>\n<li>Gyors \u00e9s egyszer\u0171 tiszt\u00edthat\u00f3s\u00e1g<\/li>\n<li>Megb\u00edzhat\u00f3, ipari kivitel folyamatos \u00fczemre tervezve<\/li>\n<\/ul>","protected":false},"excerpt":{"rendered":"<p><strong>A PSS SF 420 <\/strong>g\u00e9pet k\u00f6zepes \u00e9s nagy kapacit\u00e1s\u00fa h\u00fas\u00fczemek sz\u00e1m\u00e1ra a <strong>fagyasztott h\u00fast\u00f6mb\u00f6k el\u0151v\u00e1g\u00e1s\u00e1ra \u00e9s gyors el\u0151-apr\u00edt\u00e1s\u00e1ra<\/strong> tervezt\u00e9k, ami el\u0151seg\u00edti a tov\u00e1bbi feldolgoz\u00e1st, k\u00edm\u00e9letes \u00e9s tiszta v\u00e1g\u00e1st biztos\u00edt, amely sor\u00e1n a fagyasztott h\u00fasblokkokat \u00e9s egy\u00e9b \u00e9lelmiszeralapanyagokat kis, k\u00f6zepes vagy nagy pehelym\u00e9retre darabolj\u00e1k.<\/p>\n<p><strong>Applications:<\/strong><\/p>\n<ul>\n<li><strong>H\u00fasfeldolgoz\u00f3 \u00fczemek<\/strong> fagyasztott h\u00fasblokkok hat\u00e9kony el\u0151apr\u00edt\u00e1s\u00e1ra.<\/li>\n<li><strong>H\u00fask\u00e9sz\u00edtm\u00e9ny-gy\u00e1rt\u00e1s<\/strong> kolb\u00e1sz-, virsli-, hamburger- \u00e9s egy\u00e9b h\u00fask\u00e9sz\u00edtm\u00e9nyek alapanyag-el\u0151k\u00e9sz\u00edt\u00e9s\u00e9hez.<\/li>\n<li><strong>\u00c9lelmiszeripari feldolgoz\u00e1s<\/strong> egy\u00e9b fagyasztott \u00e9lelmiszer-alapanyagok darabol\u00e1s\u00e1ra<\/li>\n<li><strong>El\u0151k\u00e9sz\u00edt\u0151 \u00e9s apr\u00edt\u00f3 vonalak<\/strong> tov\u00e1bbi feldolgoz\u00e1si l\u00e9p\u00e9sek (dar\u00e1l\u00e1s, kever\u00e9s) el\u0151tti m\u00e9retre v\u00e1g\u00e1shoz.<\/li>\n<li><strong>K\u00f6zepes \u00e9s nagy kapacit\u00e1s\u00fa<\/strong><strong> \u00fczemek<\/strong> folyamatos, ipari jelleg\u0171 \u00fczemeltet\u00e9shez.<\/li>\n<li><strong>Automatiz\u00e1lt feldolgoz\u00f3sorok<\/strong> megl\u00e9v\u0151 technol\u00f3giai rendszerekbe integr\u00e1lva.<\/li>\n<\/ul>","protected":false},"featured_media":4802,"template":"","meta":{"_acf_changed":false,"_kad_post_transparent":"default","_kad_post_title":"","_kad_post_layout":"default","_kad_post_sidebar_id":"","_kad_post_content_style":"default","_kad_post_vertical_padding":"default","_kad_post_feature":"","_kad_post_feature_position":"","_kad_post_header":false,"_kad_post_footer":false,"_kad_post_classname":""},"pwb-brand":[],"product_brand":[1706],"product_cat":[1789,1739],"product_tag":[1876],"class_list":{"0":"post-4649","1":"product","2":"type-product","3":"status-publish","4":"has-post-thumbnail","6":"product_brand-pss-svidnik-a-s","7":"product_cat-fagyotthustomb-darabolo-es-maro-gepek","8":"product_cat-tovabbfeldolgozas","9":"product_tag-pss-svidnik-as","11":"first","12":"instock","13":"shipping-taxable","14":"product-type-simple","15":"entry","16":"content-bg","17":"loop-entry"},"acf":[],"brands":[],"_links":{"self":[{"href":"https:\/\/kromiker.hu\/en\/wp-json\/wp\/v2\/product\/4649","targetHints":{"allow":["GET"]}}],"collection":[{"href":"https:\/\/kromiker.hu\/en\/wp-json\/wp\/v2\/product"}],"about":[{"href":"https:\/\/kromiker.hu\/en\/wp-json\/wp\/v2\/types\/product"}],"wp:featuredmedia":[{"embeddable":true,"href":"https:\/\/kromiker.hu\/en\/wp-json\/wp\/v2\/media\/4802"}],"wp:attachment":[{"href":"https:\/\/kromiker.hu\/en\/wp-json\/wp\/v2\/media?parent=4649"}],"wp:term":[{"taxonomy":"pwb-brand","embeddable":true,"href":"https:\/\/kromiker.hu\/en\/wp-json\/wp\/v2\/pwb-brand?post=4649"},{"taxonomy":"product_brand","embeddable":true,"href":"https:\/\/kromiker.hu\/en\/wp-json\/wp\/v2\/product_brand?post=4649"},{"taxonomy":"product_cat","embeddable":true,"href":"https:\/\/kromiker.hu\/en\/wp-json\/wp\/v2\/product_cat?post=4649"},{"taxonomy":"product_tag","embeddable":true,"href":"https:\/\/kromiker.hu\/en\/wp-json\/wp\/v2\/product_tag?post=4649"}],"curies":[{"name":"wp","href":"https:\/\/api.w.org\/{rel}","templated":true}]}}