{"id":4676,"date":"2025-12-29T14:41:31","date_gmt":"2025-12-29T13:41:31","guid":{"rendered":"https:\/\/halnoel1234-kmnuz.wpcomstaging.com\/?post_type=product&#038;p=4676"},"modified":"2026-03-30T21:00:59","modified_gmt":"2026-03-30T19:00:59","slug":"nock-cortex-cbv-460-borozo-hartyazo-gep","status":"publish","type":"product","link":"https:\/\/kromiker.hu\/en\/product\/nock-cortex-cbv-460-borozo-hartyazo-gep\/","title":{"rendered":"Nock Cortex CBV 460 tanning-skinning machine"},"content":{"rendered":"<p><strong>Main features:<\/strong><\/p>\n<ul>\n<li><strong>Design:<\/strong>\u00a0Robusztus, ipari kivitel\u0171 b\u0151r\u00f6z\u0151g\u00e9pek, amelyek teljes eg\u00e9sz\u00e9ben rozsdamentes ac\u00e9lb\u00f3l k\u00e9sz\u00fclnek, biztos\u00edtva a magas szint\u0171 higi\u00e9ni\u00e1t, a korr\u00f3zi\u00f3\u00e1ll\u00f3s\u00e1got \u00e9s a k\u00f6nny\u0171 tiszt\u00edthat\u00f3s\u00e1got.<\/li>\n<li><strong>Hygiene and safety<\/strong>\u00a0A g\u00e9pek kialak\u00edt\u00e1sa megfelel a szigor\u00fa higi\u00e9niai el\u0151\u00edr\u00e1soknak, \u00e9s biztons\u00e1gi funkci\u00f3kkal vannak ell\u00e1tva, p\u00e9ld\u00e1ul v\u00e9d\u0151burkolatokkal, biztons\u00e1gi kapcsol\u00f3kkal \u00e9s v\u00e9szle\u00e1ll\u00edt\u00f3 rendszerrel, amelyek m\u0171k\u00f6d\u00e9s k\u00f6zben azonnali le\u00e1ll\u00e1st biztos\u00edtanak.<\/li>\n<li><strong>Cleaning<\/strong>\u00a0A g\u00e9pek k\u00f6nnyen sz\u00e9tszerelhet\u0151 elemekkel rendelkeznek, bele\u00e9rtve a szalagokat \u00e9s a nyom\u00f3hengert, ami egyszer\u0171 \u00e9s gyors tiszt\u00edt\u00e1st, valamint hat\u00e9kony karbantart\u00e1st tesz lehet\u0151v\u00e9.<\/li>\n<li><strong>Cutting system:<\/strong>\u00a0Prec\u00edz v\u00e1g\u00f3k\u00e9sekkel \u00e9s \u00e1ll\u00edthat\u00f3 pengeny\u00edl\u00e1ssal m\u0171k\u00f6dnek, amely lehet\u0151v\u00e9 teszik a b\u0151r pontos elt\u00e1vol\u00edt\u00e1s\u00e1t minim\u00e1lis h\u00fasvesztes\u00e9g mellett.<\/li>\n<li><strong>Features:<\/strong>\u00a0Automatikus szalagos adagol\u00e1ssal, valamint nyitott fels\u0151 kialak\u00edt\u00e1s\u00e1nak k\u00f6sz\u00f6nhet\u0151en k\u00e9zi b\u0151r\u00f6z\u00e9si lehet\u0151s\u00e9ggel is rendelkeznek.<\/li>\n<\/ul>\n<p><strong>The basic model has the following features:<\/strong><\/p>\n<ul>\n<li>K\u00e9ses nyom\u00f3henger<br \/>\n\u2022 K\u00e9tfokozat\u00fa motor<br \/>\n\u2022 Rozsdamentes ac\u00e9l tiszt\u00edt\u00f3henger + NOCK air-jet s\u0171r\u00edtett leveg\u0151s rendszer<br \/>\n\u2022 Speci\u00e1lis kialak\u00edt\u00e1s\u00fa henger kapar\u00f3f\u00e9s\u0171vel<br \/>\n\u2022 NOCK POWER PLATES\u00ae robusztus, szervizbar\u00e1t kialak\u00edt\u00e1s<br \/>\n\u2022 Fokozatmentesen \u00e1ll\u00edthat\u00f3 k\u00e9sr\u00e9s<br \/>\n\u2022 3 fokozat\u00fa magass\u00e1g\u00e1ll\u00edt\u00e1s<br \/>\n\u2022 Szersz\u00e1m n\u00e9lk\u00fcl elt\u00e1vol\u00edthat\u00f3 beadagol\u00f3 szalag \u00e9s nyom\u00f3henger<br \/>\n\u2022 K\u00f6zpontos\u00edt\u00f3 lemez E1\/E2 l\u00e1d\u00e1khoz<\/li>\n<li>R\u00f6gz\u00edthet\u0151 g\u00f6rg\u0151k<\/li>\n<\/ul>\n<p><strong>Accessories and optional accessories:<\/strong><\/p>\n<ul>\n<li>Oldals\u00f3 kihord\u00f3 szalag az elt\u00e1vol\u00edtott b\u0151rnek, k\u00fcl\u00f6n meghajt\u00e1ssal<\/li>\n<li>Kidob\u00f3 szalag az elt\u00e1vol\u00edtott b\u0151r sz\u00e1m\u00e1ra<\/li>\n<li>M\u0171anyag modul\u00e1ris szalagok<\/li>\n<li>Bord\u00e1s felf\u00fajhat\u00f3 nyom\u00f3henger<\/li>\n<li>Tiszt\u00edt\u00f3kocsi a leszerelhet\u0151 alkatr\u00e9szekhez<\/li>\n<\/ul>","protected":false},"excerpt":{"rendered":"<p><strong>\u00a0<\/strong><\/p>\n<p><strong>A NOCK CBV 460 automatikus, kombin\u00e1lt g\u00e9p <\/strong>a h\u00fasfeldolgoz\u00f3 ipar sz\u00e1m\u00e1ra megb\u00edzhat\u00f3 \u00e9s higi\u00e9nikus megold\u00e1st k\u00edn\u00e1lnak a b\u0151r \u00e9s h\u00e1rtya elt\u00e1vol\u00edt\u00e1s\u00e1ra. A berendez\u00e9sek kialak\u00edt\u00e1sai lehet\u0151v\u00e9 teszik a pontos feldolgoz\u00e1st automatikus \u00e9s k\u00e9zi \u00fczemeltet\u00e9s eset\u00e9n is, mik\u00f6zben robusztus fel\u00e9p\u00edt\u00e9se hossz\u00fa t\u00e1von biztos\u00edtja a biztons\u00e1gos \u00e9s gazdas\u00e1gos m\u0171k\u00f6d\u00e9st.<\/p>\n<p><strong>Applications:<\/strong><\/p>\n<ul>\n<li>Ide\u00e1lis eszk\u00f6z ahol automatikus \u00e9s manu\u00e1lis b\u0151rleh\u00faz\u00e1si illetve h\u00e1rty\u00e1z\u00e1si m\u0171veletek is sz\u00fcks\u00e9gesek.<\/li>\n<\/ul>","protected":false},"featured_media":4678,"template":"","meta":{"_acf_changed":false,"_kad_post_transparent":"default","_kad_post_title":"","_kad_post_layout":"default","_kad_post_sidebar_id":"","_kad_post_content_style":"default","_kad_post_vertical_padding":"default","_kad_post_feature":"","_kad_post_feature_position":"","_kad_post_header":false,"_kad_post_footer":false,"_kad_post_classname":""},"pwb-brand":[],"product_brand":[1698],"product_cat":[1780,1737],"product_tag":[1875],"class_list":{"0":"post-4676","1":"product","2":"type-product","3":"status-publish","4":"has-post-thumbnail","6":"product_brand-nock","7":"product_cat-trimmerek-borozo-hartyazogepek","8":"product_cat-vagas-darabolas","9":"product_tag-nock","11":"first","12":"instock","13":"shipping-taxable","14":"product-type-simple","15":"entry","16":"content-bg","17":"loop-entry"},"acf":[],"brands":[],"_links":{"self":[{"href":"https:\/\/kromiker.hu\/en\/wp-json\/wp\/v2\/product\/4676","targetHints":{"allow":["GET"]}}],"collection":[{"href":"https:\/\/kromiker.hu\/en\/wp-json\/wp\/v2\/product"}],"about":[{"href":"https:\/\/kromiker.hu\/en\/wp-json\/wp\/v2\/types\/product"}],"wp:featuredmedia":[{"embeddable":true,"href":"https:\/\/kromiker.hu\/en\/wp-json\/wp\/v2\/media\/4678"}],"wp:attachment":[{"href":"https:\/\/kromiker.hu\/en\/wp-json\/wp\/v2\/media?parent=4676"}],"wp:term":[{"taxonomy":"pwb-brand","embeddable":true,"href":"https:\/\/kromiker.hu\/en\/wp-json\/wp\/v2\/pwb-brand?post=4676"},{"taxonomy":"product_brand","embeddable":true,"href":"https:\/\/kromiker.hu\/en\/wp-json\/wp\/v2\/product_brand?post=4676"},{"taxonomy":"product_cat","embeddable":true,"href":"https:\/\/kromiker.hu\/en\/wp-json\/wp\/v2\/product_cat?post=4676"},{"taxonomy":"product_tag","embeddable":true,"href":"https:\/\/kromiker.hu\/en\/wp-json\/wp\/v2\/product_tag?post=4676"}],"curies":[{"name":"wp","href":"https:\/\/api.w.org\/{rel}","templated":true}]}}