{"id":4684,"date":"2026-01-03T17:02:17","date_gmt":"2026-01-03T16:02:17","guid":{"rendered":"https:\/\/halnoel1234-kmnuz.wpcomstaging.com\/?post_type=product&#038;p=4684"},"modified":"2026-03-30T18:11:07","modified_gmt":"2026-03-30T16:11:07","slug":"kolbe-k380rs-csontfuresz","status":"publish","type":"product","link":"https:\/\/kromiker.hu\/en\/product\/kolbe-k380rs-csontfuresz\/","title":{"rendered":"Kolbe K380RS bone saw"},"content":{"rendered":"<p><strong>Main features:<\/strong><\/p>\n<ul>\n<li><strong>Prec\u00edzi\u00f3s megvezet\u00e9s: <\/strong>Ker\u00e1mia f\u0171r\u00e9szlap-vezet\u0151kkel van felszerelve, amelyek minimaliz\u00e1lj\u00e1k a kop\u00e1st \u00e9s nem vezetik a h\u0151t, ezzel n\u00f6velve a szalag \u00e9lettartam\u00e1t.<\/li>\n<li><strong>Tiszt\u00edt\u00e1s \u00e9s higi\u00e9nia: <\/strong>A g\u00e9p \u00e9lei lekerek\u00edtettek a bakt\u00e9riumok megteleped\u00e9se ellen. A munkaasztal (fix \u00e9s mozg\u00f3 v\u00e1ltozatn\u00e1l is) d\u00f6nthet\u0151 vagy lehajthat\u00f3, \u00edgy a bels\u0151 r\u00e9szek is k\u00f6nnyen hozz\u00e1f\u00e9rhet\u0151k a nagynyom\u00e1s\u00fa tiszt\u00edt\u00e1shoz.<\/li>\n<li><strong>Gyorsfesz\u00edt\u0151 rendszer: <\/strong>Szersz\u00e1m n\u00e9lk\u00fcl, egyetlen mozdulattal cser\u00e9lhet\u0151 a f\u0171r\u00e9szlap, mik\u00f6zben a rendszer automatikusan biztos\u00edtja az optim\u00e1lis feszess\u00e9get.<\/li>\n<li><strong>Gyorsf\u00e9k: <\/strong>A mechanikus motorf\u00e9k a kikapcsol\u00e1s ut\u00e1n kevesebb mint\u00a02 m\u00e1sodperc\u00a0alatt meg\u00e1ll\u00edtja a f\u0171r\u00e9szlapot.<\/li>\n<li><strong>Ind\u00edt\u00e1sv\u00e9delem: <\/strong>Az ajt\u00f3k nyitott \u00e1llapot\u00e1ban a g\u00e9p nem ind\u00edthat\u00f3 el, \u00e9s a f\u00e9k csak a teljes le\u00e1ll\u00e1s ut\u00e1n old fel a biztons\u00e1gos szalagcsere \u00e9rdek\u00e9ben.<\/li>\n<\/ul>\n<p><strong>The basic model has the following features:<\/strong><\/p>\n<ul>\n<li>With a slicer allowing adjustable slice thickness<\/li>\n<li>3 oldalas Biztons\u00e1gi anyagelnyom\u00f3val<\/li>\n<li>Bone meal collection tank<\/li>\n<li>levehet\u0151 szalagleh\u00faz\u00f3val (szalagtiszt\u00edt\u00f3val)<\/li>\n<li>Prec\u00edz f\u0171r\u00e9szszalagvezet\u0151vel<\/li>\n<\/ul>\n<p><strong>Accessories and optional accessories:<\/strong><\/p>\n<ul>\n<li>Mobil gurul\u00f3 kerekek<\/li>\n<li>Available in both left and right-hand versions, according to user requirements.<\/li>\n<li>K\u00e9t k\u00fcl\u00f6nb\u00f6z\u0151 sebess\u00e9gtartom\u00e1ny \u00e9s frekvenciav\u00e1lt\u00f3<\/li>\n<\/ul>","protected":false},"excerpt":{"rendered":"<p>Az <strong data-start=\"97\" data-end=\"154\">RS-sorozat m\u00e1sodik legnagyobb szalagf\u0171r\u00e9sze, a K380RS<\/strong> a nagyobb kapacit\u00e1st \u00e9s pontos adagol\u00e1st ig\u00e9nyl\u0151 feldolgoz\u00e1si feladatokra lett tervezve. \u00a0Tol\u00f3asztallal rendelkezik, amely a K330RS modellhez k\u00e9pest nagyobb m\u00e9ret\u0171, ez\u00e1ltal stabilabb megvezet\u00e9st \u00e9s nagyobb munkafel\u00fcletet biztos\u00edt. A megn\u00f6velt v\u00e1g\u00e1si teljes\u00edtm\u00e9ny \u00e9s a meghosszabb\u00edtott v\u00e1g\u00f3l\u00f6ket lehet\u0151v\u00e9 teszi a nagyobb alapanyagok hat\u00e9kony feldolgoz\u00e1s\u00e1t. Az opcion\u00e1lisan el\u00e9rhet\u0151 m\u00e1sodik sebess\u00e9gfokozat tov\u00e1bb n\u00f6veli a felhaszn\u00e1l\u00e1si rugalmass\u00e1got, \u00edgy a K380RS alkalmas h\u00fas \u00e9s hal prec\u00edz porci\u00f3z\u00e1s\u00e1ra friss \u00e9s fagyasztott \u00e1llapotban egyar\u00e1nt.<\/p>\n<p><strong>Applications:<\/strong><\/p>\n<ul>\n<li>Ide\u00e1lis eszk\u00f6z nagyobb h\u00fasdarabok, friss h\u00fasok sert\u00e9s, marha juh stb., csontok \u00e9s fagyasztott term\u00e9kek v\u00e1g\u00e1s\u00e1ra.<\/li>\n<\/ul>","protected":false},"featured_media":4686,"template":"","meta":{"_acf_changed":false,"_kad_post_transparent":"default","_kad_post_title":"","_kad_post_layout":"default","_kad_post_sidebar_id":"","_kad_post_content_style":"default","_kad_post_vertical_padding":"default","_kad_post_feature":"","_kad_post_feature_position":"","_kad_post_header":false,"_kad_post_footer":false,"_kad_post_classname":""},"pwb-brand":[],"product_brand":[1691],"product_cat":[1849,1737],"product_tag":[1858],"class_list":{"0":"post-4684","1":"product","2":"type-product","3":"status-publish","4":"has-post-thumbnail","6":"product_brand-kolbe","7":"product_cat-szalagoscsontfureszek","8":"product_cat-vagas-darabolas","9":"product_tag-kolbe","11":"first","12":"instock","13":"shipping-taxable","14":"product-type-simple","15":"entry","16":"content-bg","17":"loop-entry"},"acf":[],"brands":[],"_links":{"self":[{"href":"https:\/\/kromiker.hu\/en\/wp-json\/wp\/v2\/product\/4684","targetHints":{"allow":["GET"]}}],"collection":[{"href":"https:\/\/kromiker.hu\/en\/wp-json\/wp\/v2\/product"}],"about":[{"href":"https:\/\/kromiker.hu\/en\/wp-json\/wp\/v2\/types\/product"}],"wp:featuredmedia":[{"embeddable":true,"href":"https:\/\/kromiker.hu\/en\/wp-json\/wp\/v2\/media\/4686"}],"wp:attachment":[{"href":"https:\/\/kromiker.hu\/en\/wp-json\/wp\/v2\/media?parent=4684"}],"wp:term":[{"taxonomy":"pwb-brand","embeddable":true,"href":"https:\/\/kromiker.hu\/en\/wp-json\/wp\/v2\/pwb-brand?post=4684"},{"taxonomy":"product_brand","embeddable":true,"href":"https:\/\/kromiker.hu\/en\/wp-json\/wp\/v2\/product_brand?post=4684"},{"taxonomy":"product_cat","embeddable":true,"href":"https:\/\/kromiker.hu\/en\/wp-json\/wp\/v2\/product_cat?post=4684"},{"taxonomy":"product_tag","embeddable":true,"href":"https:\/\/kromiker.hu\/en\/wp-json\/wp\/v2\/product_tag?post=4684"}],"curies":[{"name":"wp","href":"https:\/\/api.w.org\/{rel}","templated":true}]}}