{"id":4689,"date":"2026-01-03T17:21:12","date_gmt":"2026-01-03T16:21:12","guid":{"rendered":"https:\/\/halnoel1234-kmnuz.wpcomstaging.com\/?post_type=product&#038;p=4689"},"modified":"2026-03-30T20:59:20","modified_gmt":"2026-03-30T18:59:20","slug":"haas-belsosegtisztito-gep","status":"publish","type":"product","link":"https:\/\/kromiker.hu\/en\/product\/haas-belsosegtisztito-gep\/","title":{"rendered":"Haas Gutting machine"},"content":{"rendered":"<p><strong>Main features:<\/strong><\/p>\n<ul>\n<li><strong>Tiszt\u00edt\u00e1s \u00e9s higi\u00e9nia: <\/strong>A speci\u00e1lisan kialak\u00edtott dob- \u00e9s bels\u0151 lap\u00e1trendszer intenz\u00edv, m\u00e9gis k\u00edm\u00e9letes mechanikai tiszt\u00edt\u00e1st biztos\u00edt, amely hat\u00e9konyan elt\u00e1vol\u00edtja a szennyez\u0151d\u00e9seket az el\u0151forr\u00e1zott pacalr\u00f3l, gyomrokr\u00f3l \u00e9s egy\u00e9b bels\u0151s\u00e9gekr\u0151l.<\/li>\n<li><strong>Ipari higi\u00e9niai kialak\u00edt\u00e1s: <\/strong>A berendez\u00e9s lekerek\u00edtett \u00e9lekkel \u00e9s h\u00e9zagmentes fel\u00fcletekkel k\u00e9sz\u00fcl, cs\u00f6kkentve a szennyez\u0151d\u00e9sek \u00e9s bakt\u00e9riumok megteleped\u00e9s\u00e9nek kock\u00e1zat\u00e1t. A nyithat\u00f3 burkolatok \u00e9s hozz\u00e1f\u00e9r\u00e9si pontok lehet\u0151v\u00e9 teszik a gyors \u00e9s alapos nagynyom\u00e1s\u00fa tiszt\u00edt\u00e1st.<\/li>\n<li><strong>Robusztus, rozsdamentes ac\u00e9l kivitel: <\/strong>Teljes eg\u00e9sz\u00e9ben \u00e9lelmiszeripari min\u0151s\u00e9g\u0171 rozsdamentes ac\u00e9lb\u00f3l k\u00e9sz\u00fcl, amely hossz\u00fa \u00e9lettartamot, korr\u00f3zi\u00f3\u00e1ll\u00f3s\u00e1got \u00e9s k\u00f6nny\u0171 tiszt\u00edthat\u00f3s\u00e1got biztos\u00edt intenz\u00edv ipari haszn\u00e1lat mellett is.<\/li>\n<li><strong>\u00dczembiztos m\u0171k\u00f6d\u00e9s: <\/strong>A nagy teljes\u00edtm\u00e9ny\u0171 hajt\u00e1srendszer egyenletes m\u0171k\u00f6d\u00e9st garant\u00e1l, \u00edgy a tiszt\u00edt\u00e1si folyamat megb\u00edzhat\u00f3 \u00e9s reproduk\u00e1lhat\u00f3 min\u0151s\u00e9get eredm\u00e9nyez.<\/li>\n<li><strong>Biztons\u00e1gos kezel\u00e9s: <\/strong>A g\u00e9p v\u00e9d\u0151burkolatokkal \u00e9s biztons\u00e1gi reteszel\u00e9sekkel van ell\u00e1tva, amelyek megakad\u00e1lyozz\u00e1k a m\u0171k\u00f6d\u00e9st nyitott \u00e1llapotban, ezzel n\u00f6velve a kezel\u0151szem\u00e9lyzet biztons\u00e1g\u00e1t.<\/li>\n<\/ul>\n<p><strong>Az alapmodell az al\u00e1bbiakkal rendelkezik, m\u0171k\u00f6dik:<\/strong><\/p>\n<ul>\n<li>A pacal el\u0151forr\u00e1z\u00e1sa k\u00f6r\u00fclbel\u00fcl <strong>70 \u00b0C-os v\u00edzben<\/strong><strong>.<\/strong><\/li>\n<li>A pacal <strong>k\u00e9zi elt\u00e1vol\u00edt\u00e1sa<\/strong><strong>.<\/strong><\/li>\n<li>K\u00f6r\u00fclbel\u00fcl <strong>6-8 db pacal<\/strong> bet\u00f6lt\u00e9se a m\u0171k\u00f6d\u00e9sben l\u00e9v\u0151 g\u00e9pbe, ahol a mos\u00e1s \u00e9s tiszt\u00edt\u00e1s <strong> 62 \u00b0C-os h\u0151m\u00e9rs\u00e9kleten<\/strong> t\u00f6rt\u00e9nik.<\/li>\n<li>A megpuhult, feh\u00e9rre forr\u00e1zott pacal elt\u00e1vol\u00edt\u00e1sa <strong>4\u20136 perc<\/strong> eltelt\u00e9vel, majd <strong>hideg vizes f\u00fcrd\u0151ben t\u00f6rt\u00e9n\u0151 leh\u0171t\u00e9s\u00fck<\/strong><strong>.<\/strong><\/li>\n<\/ul>","protected":false},"excerpt":{"rendered":"<p>The <strong>Haas bels\u0151s\u00e9gtiszt\u00edt\u00f3 g\u00e9p<\/strong> a modern h\u00fasipari feldolgoz\u00e1s n\u00e9lk\u00fcl\u00f6zhetetlen berendez\u00e9se, amely a hat\u00e9kony m\u0171k\u00f6d\u00e9st \u00e9s a magas szint\u0171 higi\u00e9niai k\u00f6vetelm\u00e9nyeket egyes\u00edti. A berendez\u00e9s alkalmaz\u00e1sa jelent\u0151sen hozz\u00e1j\u00e1rul a termel\u00e9kenys\u00e9g n\u00f6vel\u00e9s\u00e9hez \u00e9s az \u00e9lelmiszer-biztons\u00e1gi el\u0151\u00edr\u00e1sok betart\u00e1s\u00e1hoz.<\/p>\n<p><strong>Applications:<\/strong><\/p>\n<ul>\n<li>Kifejezetten v\u00e1g\u00f3hidak \u00e9s h\u00fasfeldolgoz\u00f3 \u00fczemek sz\u00e1m\u00e1ra lett kialak\u00edtva, ahol az el\u0151forr\u00e1zott bend\u0151k, pacalok, sert\u00e9s-, borj\u00fa- \u00e9s juhgyomrok, valamint egy\u00e9b bels\u0151s\u00e9gek gyors \u00e9s megb\u00edzhat\u00f3 tiszt\u00edt\u00e1sa kiemelt jelent\u0151s\u00e9g\u0171.<\/li>\n<\/ul>","protected":false},"featured_media":4691,"template":"","meta":{"_acf_changed":false,"_kad_post_transparent":"default","_kad_post_title":"","_kad_post_layout":"default","_kad_post_sidebar_id":"","_kad_post_content_style":"default","_kad_post_vertical_padding":"default","_kad_post_feature":"","_kad_post_feature_position":"","_kad_post_header":false,"_kad_post_footer":false,"_kad_post_classname":""},"pwb-brand":[],"product_brand":[1701],"product_cat":[1737,1806],"product_tag":[1871],"class_list":{"0":"post-4689","1":"product","2":"type-product","3":"status-publish","4":"has-post-thumbnail","6":"product_brand-hubert-haas","7":"product_cat-vagas-darabolas","8":"product_cat-vagouzemi-tisztito-berendezesek","9":"product_tag-hubert-haas","11":"first","12":"instock","13":"shipping-taxable","14":"product-type-simple","15":"entry","16":"content-bg","17":"loop-entry"},"acf":[],"brands":[],"_links":{"self":[{"href":"https:\/\/kromiker.hu\/en\/wp-json\/wp\/v2\/product\/4689","targetHints":{"allow":["GET"]}}],"collection":[{"href":"https:\/\/kromiker.hu\/en\/wp-json\/wp\/v2\/product"}],"about":[{"href":"https:\/\/kromiker.hu\/en\/wp-json\/wp\/v2\/types\/product"}],"wp:featuredmedia":[{"embeddable":true,"href":"https:\/\/kromiker.hu\/en\/wp-json\/wp\/v2\/media\/4691"}],"wp:attachment":[{"href":"https:\/\/kromiker.hu\/en\/wp-json\/wp\/v2\/media?parent=4689"}],"wp:term":[{"taxonomy":"pwb-brand","embeddable":true,"href":"https:\/\/kromiker.hu\/en\/wp-json\/wp\/v2\/pwb-brand?post=4689"},{"taxonomy":"product_brand","embeddable":true,"href":"https:\/\/kromiker.hu\/en\/wp-json\/wp\/v2\/product_brand?post=4689"},{"taxonomy":"product_cat","embeddable":true,"href":"https:\/\/kromiker.hu\/en\/wp-json\/wp\/v2\/product_cat?post=4689"},{"taxonomy":"product_tag","embeddable":true,"href":"https:\/\/kromiker.hu\/en\/wp-json\/wp\/v2\/product_tag?post=4689"}],"curies":[{"name":"wp","href":"https:\/\/api.w.org\/{rel}","templated":true}]}}