{"id":4692,"date":"2026-01-03T17:35:45","date_gmt":"2026-01-03T16:35:45","guid":{"rendered":"https:\/\/halnoel1234-kmnuz.wpcomstaging.com\/?post_type=product&#038;p=4692"},"modified":"2026-03-30T20:57:08","modified_gmt":"2026-03-30T18:57:08","slug":"freund-hand-skinner-kezi-borozogep","status":"publish","type":"product","link":"https:\/\/kromiker.hu\/en\/product\/freund-hand-skinner-kezi-borozogep\/","title":{"rendered":"Freund \u201eHand Skinner\u201d hand tanner"},"content":{"rendered":"<p><strong>Main features:<\/strong><\/p>\n<ul>\n<li><strong>Design:<\/strong>\u00a0A \u201eHand-Skinner\u201d kompakt, ergonomikus kialak\u00edt\u00e1s\u00fa pneumatikus k\u00e9zi b\u0151r\u00f6z\u0151 berendez\u00e9s, amely stabil fog\u00e1st \u00e9s pontos ir\u00e1ny\u00edthat\u00f3s\u00e1got biztos\u00edt a b\u0151r\u00f6z\u00e9si m\u0171veletek sor\u00e1n.<\/li>\n<li><strong>Hygiene and safety<\/strong>\u00a0Kialak\u00edt\u00e1sa teljes m\u00e9rt\u00e9kben igazodik a h\u00fasipari feldolgoz\u00e1s sor\u00e1n \u00e9rv\u00e9nyes szigor\u00fa higi\u00e9niai \u00e9s munkav\u00e9delmi el\u0151\u00edr\u00e1sokhoz. A sima, rozsdamentes ac\u00e9lb\u00f3l elemek el\u0151seg\u00edtik a gyors \u00e9s alapos tiszt\u00edt\u00e1st, valamint a hat\u00e9kony fert\u0151tlen\u00edt\u00e9st, ez\u00e1ltal jelent\u0151sen cs\u00f6kkentve a mikrobiol\u00f3giai szennyez\u0151d\u00e9sek \u00e9s a keresztkontamin\u00e1ci\u00f3 kialakul\u00e1s\u00e1nak kock\u00e1zat\u00e1t. A berendez\u00e9s biztons\u00e1gos \u00fczemeltet\u00e9s\u00e9t az ergonomikus kialak\u00edt\u00e1s, a stabil \u00e9s kontroll\u00e1lt v\u00e1g\u00f3rendszer, valamint a pneumatikus meghajt\u00e1s biztos\u00edtja, amelyek egy\u00fcttesen m\u00e9rs\u00e9klik a kezel\u0151i terhel\u00e9st \u00e9s a munkabalesetek el\u0151fordul\u00e1s\u00e1t.<\/li>\n<li><strong>Cleaning<\/strong>\u00a0A berendez\u00e9s kialak\u00edt\u00e1sa lehet\u0151v\u00e9 teszi a gyors \u00e9s alapos tiszt\u00edt\u00e1st, ami elengedhetetlen az \u00e9lelmiszeripari alkalmaz\u00e1sok sor\u00e1n. A k\u00f6nnyen hozz\u00e1f\u00e9rhet\u0151 fel\u00fcletek \u00e9s a berendez\u00e9s egyszer\u0171 sz\u00e9tszerelhet\u0151s\u00e9ge t\u00e1mogatja a hat\u00e9kony higi\u00e9niai karbantart\u00e1st \u00e9s a kontamin\u00e1ci\u00f3 megel\u0151z\u00e9s\u00e9t.<\/li>\n<\/ul>\n<p><strong>The basic model has the following features:<\/strong><\/p>\n<p>\u2022 Gy\u0171r\u0171s peng\u00e9s v\u00e1g\u00f3rendszer<br \/>\n\u2022 Jobb \u00e9s balkezes felhaszn\u00e1l\u00f3k sz\u00e1m\u00e1ra is alkalmas<br \/>\n\u2022 Start-stop rendszer<\/p>","protected":false},"excerpt":{"rendered":"<p>The <strong data-start=\"153\" data-end=\"178\">Freund k\u00e9zi b\u0151r\u00f6z\u0151g\u00e9p<\/strong> megb\u00edzhat\u00f3 \u00e9s prec\u00edz megold\u00e1st k\u00edn\u00e1l a h\u00fasipari b\u0151r\u00f6z\u00e9si feladatok hat\u00e9kony elv\u00e9gz\u00e9s\u00e9re.<\/p>\n<p><strong>Applications:<\/strong><\/p>\n<ul>\n<li>Sert\u00e9s f\u00e9ltestek \u00e9s sert\u00e9sr\u00e9szek b\u0151r\u00f6z\u00e9s\u00e9re, valamint hideg zs\u00edrv\u00e1g\u00e1si m\u0171veletekhez. A k\u00e9sz\u00fcl\u00e9k kialak\u00edt\u00e1sa lehet\u0151v\u00e9 teszi a pontos, egyenletes b\u0151rlev\u00e1laszt\u00e1st, mik\u00f6zben minimaliz\u00e1lja az \u00e9rt\u00e9kes h\u00fasvesztes\u00e9get.<\/li>\n<\/ul>","protected":false},"featured_media":4694,"template":"","meta":{"_acf_changed":false,"_kad_post_transparent":"default","_kad_post_title":"","_kad_post_layout":"default","_kad_post_sidebar_id":"","_kad_post_content_style":"default","_kad_post_vertical_padding":"default","_kad_post_feature":"","_kad_post_feature_position":"","_kad_post_header":false,"_kad_post_footer":false,"_kad_post_classname":""},"pwb-brand":[],"product_brand":[1703],"product_cat":[1780,1737],"product_tag":[1865],"class_list":{"0":"post-4692","1":"product","2":"type-product","3":"status-publish","4":"has-post-thumbnail","6":"product_brand-freund","7":"product_cat-trimmerek-borozo-hartyazogepek","8":"product_cat-vagas-darabolas","9":"product_tag-freund","11":"first","12":"instock","13":"shipping-taxable","14":"product-type-simple","15":"entry","16":"content-bg","17":"loop-entry"},"acf":[],"brands":[],"_links":{"self":[{"href":"https:\/\/kromiker.hu\/en\/wp-json\/wp\/v2\/product\/4692","targetHints":{"allow":["GET"]}}],"collection":[{"href":"https:\/\/kromiker.hu\/en\/wp-json\/wp\/v2\/product"}],"about":[{"href":"https:\/\/kromiker.hu\/en\/wp-json\/wp\/v2\/types\/product"}],"wp:featuredmedia":[{"embeddable":true,"href":"https:\/\/kromiker.hu\/en\/wp-json\/wp\/v2\/media\/4694"}],"wp:attachment":[{"href":"https:\/\/kromiker.hu\/en\/wp-json\/wp\/v2\/media?parent=4692"}],"wp:term":[{"taxonomy":"pwb-brand","embeddable":true,"href":"https:\/\/kromiker.hu\/en\/wp-json\/wp\/v2\/pwb-brand?post=4692"},{"taxonomy":"product_brand","embeddable":true,"href":"https:\/\/kromiker.hu\/en\/wp-json\/wp\/v2\/product_brand?post=4692"},{"taxonomy":"product_cat","embeddable":true,"href":"https:\/\/kromiker.hu\/en\/wp-json\/wp\/v2\/product_cat?post=4692"},{"taxonomy":"product_tag","embeddable":true,"href":"https:\/\/kromiker.hu\/en\/wp-json\/wp\/v2\/product_tag?post=4692"}],"curies":[{"name":"wp","href":"https:\/\/api.w.org\/{rel}","templated":true}]}}