{"id":4698,"date":"2026-01-03T18:01:51","date_gmt":"2026-01-03T17:01:51","guid":{"rendered":"https:\/\/halnoel1234-kmnuz.wpcomstaging.com\/?post_type=product&#038;p=4698"},"modified":"2026-03-30T20:57:08","modified_gmt":"2026-03-30T18:57:08","slug":"freund-el2-szeria-adaptive-trimmerek-gyuruskesek","status":"publish","type":"product","link":"https:\/\/kromiker.hu\/en\/product\/freund-el2-szeria-adaptive-trimmerek-gyuruskesek\/","title":{"rendered":"Freund EL2 Series \u201eAdaptive trimmers\u201d (ring knives)"},"content":{"rendered":"<p><strong>Main features:<\/strong><\/p>\n<ul>\n<li><strong>Design:<\/strong>\u00a0ergonomikus \u00e9s robusztus kialak\u00edt\u00e1sa biztos\u00edtja a k\u00e9nyelmes, biztons\u00e1gos \u00e9s prec\u00edz munkav\u00e9gz\u00e9st ipari k\u00f6rnyezetben.<\/li>\n<li><strong>Hygiene and safety<\/strong>\u00a0kialak\u00edt\u00e1sa megfelel a h\u00fasipari higi\u00e9niai el\u0151\u00edr\u00e1soknak, sima fel\u00fcletei \u00e9s k\u00f6nnyen tiszt\u00edthat\u00f3 szerkezete cs\u00f6kkentik a szennyez\u0151d\u00e9s kock\u00e1zat\u00e1t. A be\u00e9p\u00edtett biztons\u00e1gi elemek \u00e9s az ergonomikus vez\u00e9rl\u00e9s garant\u00e1lj\u00e1k a kezel\u0151 v\u00e9delm\u00e9t, valamint a biztons\u00e1gos \u00e9s kontroll\u00e1lt munkav\u00e9gz\u00e9st.<\/li>\n<li><strong>Cleaning<\/strong>\u00a0A k\u00f6nnyen hozz\u00e1f\u00e9rhet\u0151 \u00e9s sz\u00e9tszerelhet\u0151 alkatr\u00e9szek lehet\u0151v\u00e9 teszik az alapos, hat\u00e9kony tiszt\u00edt\u00e1st a szigor\u00fa \u00e9lelmiszeripari el\u0151\u00edr\u00e1soknak megfelel\u0151en.<\/li>\n<\/ul>\n<p><strong>The basic model has the following features:<\/strong><\/p>\n<ul>\n<li>be-\/\u00e9s kikapcsol\u00f3 biztons\u00e1gi rendszer<br \/>\n\u2022 Ergonomikusan elhelyezett le\u00e1ll\u00edt\u00f3 kar a k\u00e9zidarabon<\/li>\n<li>Szersz\u00e1m n\u00e9lk\u00fcli pengecsere<\/li>\n<li>K\u00fcl\u00f6nb\u00f6z\u0151 \u00e1tm\u00e9r\u0151j\u0171 \u00e9s kialak\u00edt\u00e1s\u00fa peng\u00e9k<br \/>\n\u2022 Integr\u00e1lt felf\u00fcggeszt\u00e9s az ergon\u00f3mia \u00e9rdek\u00e9ben<\/li>\n<\/ul>\n<p><strong>Accessories and optional accessories:<\/strong><\/p>\n<ul>\n<li>TM_E6001 EF2 elektromos motor vagy<\/li>\n<li>TME6001EF2_Evo2 elektromos motor<\/li>\n<li>\u00c1thajt\u00f3 tengely<\/li>\n<li>K\u00fcls\u0151 tengelyk\u00f6peny<\/li>\n<li>V\u00e1g\u00e1si m\u00e9lys\u00e9g szab\u00e1lyoz\u00f3<\/li>\n<\/ul>","protected":false},"excerpt":{"rendered":"<p>Az Adaptive Trimmerek (gy\u0171r\u0171sk\u00e9sek) a h\u00fasfeldolgoz\u00f3 ipar ig\u00e9nyeire szabott, innovat\u00edv \u00e9s sokoldal\u00fa prec\u00edzi\u00f3s v\u00e1g\u00f3eszk\u00f6ze, amely \u00faj szintre emeli a h\u00e1rty\u00e1k, zs\u00edrok, h\u00fasmaradv\u00e1nyok elt\u00e1vol\u00edt\u00e1s\u00e1t a h\u00fasr\u00f3l. Adapt\u00edv kialak\u00edt\u00e1s\u00e1nak k\u00f6sz\u00f6nhet\u0151en rugalmasan alkalmazkodik a k\u00fcl\u00f6nb\u00f6z\u0151 feldolgoz\u00e1si feladatokhoz, mik\u00f6zben pontos \u00e9s eszt\u00e9tikus v\u00e9geredm\u00e9nyt biztos\u00edt.<\/p>\n<p><strong>Applications:<\/strong><\/p>\n<p>Az <strong>Adaptive Trimmer<\/strong> els\u0151sorban v\u00e1g\u00f3hidakon \u00e9s h\u00fasfeldolgoz\u00f3 \u00fczemekben alkalmazhat\u00f3, ahol a h\u00fasr\u00e9szek prec\u00edz igaz\u00edt\u00e1sa, form\u00e1z\u00e1sa \u00e9s a felesleges sz\u00f6vetek elt\u00e1vol\u00edt\u00e1sa a c\u00e9l. Ide\u00e1lis megold\u00e1st ny\u00fajt darabol\u00f3vonalakon, valamint pr\u00e9mium h\u00fas- \u00e9s f\u00e9lk\u00e9sz term\u00e9kek el\u0151\u00e1ll\u00edt\u00e1sa<\/p>","protected":false},"featured_media":4701,"template":"","meta":{"_acf_changed":false,"_kad_post_transparent":"default","_kad_post_title":"","_kad_post_layout":"default","_kad_post_sidebar_id":"","_kad_post_content_style":"default","_kad_post_vertical_padding":"default","_kad_post_feature":"","_kad_post_feature_position":"","_kad_post_header":false,"_kad_post_footer":false,"_kad_post_classname":""},"pwb-brand":[],"product_brand":[1703],"product_cat":[1780,1737],"product_tag":[1865],"class_list":{"0":"post-4698","1":"product","2":"type-product","3":"status-publish","4":"has-post-thumbnail","6":"product_brand-freund","7":"product_cat-trimmerek-borozo-hartyazogepek","8":"product_cat-vagas-darabolas","9":"product_tag-freund","11":"first","12":"instock","13":"shipping-taxable","14":"product-type-simple","15":"entry","16":"content-bg","17":"loop-entry"},"acf":[],"brands":[],"_links":{"self":[{"href":"https:\/\/kromiker.hu\/en\/wp-json\/wp\/v2\/product\/4698","targetHints":{"allow":["GET"]}}],"collection":[{"href":"https:\/\/kromiker.hu\/en\/wp-json\/wp\/v2\/product"}],"about":[{"href":"https:\/\/kromiker.hu\/en\/wp-json\/wp\/v2\/types\/product"}],"wp:featuredmedia":[{"embeddable":true,"href":"https:\/\/kromiker.hu\/en\/wp-json\/wp\/v2\/media\/4701"}],"wp:attachment":[{"href":"https:\/\/kromiker.hu\/en\/wp-json\/wp\/v2\/media?parent=4698"}],"wp:term":[{"taxonomy":"pwb-brand","embeddable":true,"href":"https:\/\/kromiker.hu\/en\/wp-json\/wp\/v2\/pwb-brand?post=4698"},{"taxonomy":"product_brand","embeddable":true,"href":"https:\/\/kromiker.hu\/en\/wp-json\/wp\/v2\/product_brand?post=4698"},{"taxonomy":"product_cat","embeddable":true,"href":"https:\/\/kromiker.hu\/en\/wp-json\/wp\/v2\/product_cat?post=4698"},{"taxonomy":"product_tag","embeddable":true,"href":"https:\/\/kromiker.hu\/en\/wp-json\/wp\/v2\/product_tag?post=4698"}],"curies":[{"name":"wp","href":"https:\/\/api.w.org\/{rel}","templated":true}]}}