{"id":4707,"date":"2026-01-03T18:25:08","date_gmt":"2026-01-03T17:25:08","guid":{"rendered":"https:\/\/halnoel1234-kmnuz.wpcomstaging.com\/?post_type=product&#038;p=4707"},"modified":"2026-03-30T20:57:38","modified_gmt":"2026-03-30T18:57:38","slug":"gaser-mod-gm-7000-diafragma","status":"publish","type":"product","link":"https:\/\/kromiker.hu\/en\/product\/gaser-mod-gm-7000-diafragma\/","title":{"rendered":"GASER Mod GM-7000 diaphragm"},"content":{"rendered":"<p><strong>Main features:<\/strong><\/p>\n<ul>\n<li><strong>Prec\u00edz \u00e9s k\u00edm\u00e9letes adagol\u00e1s:<\/strong><br \/>\nA rugalmas diafragm\u00e1s rendszer egyenletes nyom\u00e1seloszl\u00e1st biztos\u00edt, amely lehet\u0151v\u00e9 teszi az alapanyag <strong>roncsol\u00e1smentes, struktur\u00e1lis k\u00e1rosod\u00e1s n\u00e9lk\u00fcli<\/strong> tov\u00e1bb\u00edt\u00e1s\u00e1t.<\/li>\n<li><strong>\u00c1lland\u00f3 adagpontoss\u00e1g:<\/strong><br \/>\nA membr\u00e1nos mechanizmus biztos\u00edtja az <strong>ism\u00e9telhet\u0151, pontos porci\u00f3z\u00e1st<\/strong>, minim\u00e1lis t\u00f6megingadoz\u00e1ssal, ami elengedhetetlen az egys\u00e9ges term\u00e9kmin\u0151s\u00e9g fenntart\u00e1s\u00e1hoz.<\/li>\n<li><strong>Sz\u00e9les alapanyag-kompatibilit\u00e1s:<\/strong><br \/>\nA diafragm\u00e1s adagol\u00e1s alkalmas k\u00fcl\u00f6nb\u00f6z\u0151 \u00e1llag\u00fa massz\u00e1k feldolgoz\u00e1s\u00e1ra, bele\u00e9rtve a <strong>h\u00fas-, z\u00f6lds\u00e9g-, sajt- \u00e9s kevert alap\u00fa t\u00f6ltel\u00e9keket<\/strong>, an\u00e9lk\u00fcl, hogy azok szerkezete s\u00e9r\u00fclne.<\/li>\n<li><strong>Higi\u00e9nikus \u00e9s k\u00f6nnyen tiszt\u00edthat\u00f3 kialak\u00edt\u00e1s:<\/strong><br \/>\nA diafragm\u00e1s egys\u00e9g egyszer\u0171 fel\u00e9p\u00edt\u00e9se \u00e9s sima fel\u00fclete gyors sz\u00e9tszerel\u00e9st \u00e9s hat\u00e9kony tiszt\u00edt\u00e1st tesz lehet\u0151v\u00e9, megfelelve az \u00e9lelmiszeripari higi\u00e9niai k\u00f6vetelm\u00e9nyeknek.<\/li>\n<\/ul>\n<p><strong>The basic model has the following features.<\/strong><\/p>\n<ul>\n<li>Automatikus diafragm\u00e1s adagol\u00f3rendszer<\/li>\n<li>\u00c9rint\u0151k\u00e9perny\u0151s vez\u00e9rl\u00e9s<\/li>\n<li>Receptment\u00e9s (maximum. 8 recept)<\/li>\n<li>\u00c1ll\u00edthat\u00f3 magass\u00e1g<\/li>\n<li>G\u00f6rg\u0151kkel ell\u00e1tott kivitel<\/li>\n<li>Stainless steel structure<\/li>\n<li>Azonos t\u00f6meg\u0171 adagol\u00e1s<\/li>\n<li>K\u00f6nnyen tiszt\u00edthat\u00f3 kialak\u00edt\u00e1s<\/li>\n<\/ul>\n<p><strong>Accessories and optional accessories:<\/strong><\/p>\n<ul>\n<li>Porci\u00f3z\u00f3 berendez\u00e9s<\/li>\n<li>Csatlakoz\u00f3 dugatty\u00fas t\u00f6lt\u0151g\u00e9pekhez<\/li>\n<\/ul>","protected":false},"excerpt":{"rendered":"<p>A modern \u00e9lelmiszeriparban egyre nagyobb hangs\u00falyt kap az<strong> automatiz\u00e1lt, pontos \u00e9s reproduk\u00e1lhat\u00f3 adagol\u00e1s<\/strong>, k\u00fcl\u00f6n\u00f6sen form\u00e1zott h\u00fas- \u00e9s f\u00e9lk\u00e9sz term\u00e9kek gy\u00e1rt\u00e1sa sor\u00e1n. <strong>A GM-7000 automata membr\u00e1nos adagol\u00f3g\u00e9p<\/strong> kifejezetten erre az ig\u00e9nyre k\u00edn\u00e1l megold\u00e1st, lehet\u0151v\u00e9 t\u00e9ve h\u00fasgomb\u00f3cok, krokettek \u00e9s egy\u00e9b form\u00e1zott term\u00e9kek nagy hat\u00e9konys\u00e1g\u00fa el\u0151\u00e1ll\u00edt\u00e1s\u00e1t.<\/p>\n<p><strong>Applications:<\/strong><\/p>\n<ul>\n<li>The <strong>GM-7000 automata membr\u00e1nos adagol\u00f3g\u00e9p<\/strong> els\u0151dlegesen a <strong>h\u00fasipari feldolgoz\u00e1s<\/strong> ter\u00fclet\u00e9n alkalmazhat\u00f3, ahol kiemelt k\u00f6vetelm\u00e9ny az <strong>egys\u00e9ges porci\u00f3z\u00e1s, a pontos t\u00f6megtart\u00e1s \u00e9s a nagy\u00fczemi hat\u00e9konys\u00e1g<\/strong>. A berendez\u00e9s k\u00fcl\u00f6n\u00f6sen alkalmas dar\u00e1lt h\u00fas alap\u00fa term\u00e9kek form\u00e1z\u00e1s\u00e1ra \u00e9s adagol\u00e1s\u00e1ra<\/li>\n<\/ul>","protected":false},"featured_media":4709,"template":"","meta":{"_acf_changed":false,"_kad_post_transparent":"default","_kad_post_title":"","_kad_post_layout":"default","_kad_post_sidebar_id":"","_kad_post_content_style":"default","_kad_post_vertical_padding":"default","_kad_post_feature":"","_kad_post_feature_position":"","_kad_post_header":false,"_kad_post_footer":false,"_kad_post_classname":""},"pwb-brand":[],"product_brand":[1696],"product_cat":[1787,1739],"product_tag":[1866],"class_list":{"0":"post-4707","1":"product","2":"type-product","3":"status-publish","4":"has-post-thumbnail","6":"product_brand-gaser","7":"product_cat-adagoloesformazogepek","8":"product_cat-tovabbfeldolgozas","9":"product_tag-gaser","11":"first","12":"instock","13":"shipping-taxable","14":"product-type-simple","15":"entry","16":"content-bg","17":"loop-entry"},"acf":[],"brands":[],"_links":{"self":[{"href":"https:\/\/kromiker.hu\/en\/wp-json\/wp\/v2\/product\/4707","targetHints":{"allow":["GET"]}}],"collection":[{"href":"https:\/\/kromiker.hu\/en\/wp-json\/wp\/v2\/product"}],"about":[{"href":"https:\/\/kromiker.hu\/en\/wp-json\/wp\/v2\/types\/product"}],"wp:featuredmedia":[{"embeddable":true,"href":"https:\/\/kromiker.hu\/en\/wp-json\/wp\/v2\/media\/4709"}],"wp:attachment":[{"href":"https:\/\/kromiker.hu\/en\/wp-json\/wp\/v2\/media?parent=4707"}],"wp:term":[{"taxonomy":"pwb-brand","embeddable":true,"href":"https:\/\/kromiker.hu\/en\/wp-json\/wp\/v2\/pwb-brand?post=4707"},{"taxonomy":"product_brand","embeddable":true,"href":"https:\/\/kromiker.hu\/en\/wp-json\/wp\/v2\/product_brand?post=4707"},{"taxonomy":"product_cat","embeddable":true,"href":"https:\/\/kromiker.hu\/en\/wp-json\/wp\/v2\/product_cat?post=4707"},{"taxonomy":"product_tag","embeddable":true,"href":"https:\/\/kromiker.hu\/en\/wp-json\/wp\/v2\/product_tag?post=4707"}],"curies":[{"name":"wp","href":"https:\/\/api.w.org\/{rel}","templated":true}]}}