{"id":4721,"date":"2026-01-06T09:11:38","date_gmt":"2026-01-06T08:11:38","guid":{"rendered":"https:\/\/halnoel1234-kmnuz.wpcomstaging.com\/?post_type=product&#038;p=4721"},"modified":"2026-03-30T20:57:38","modified_gmt":"2026-03-30T18:57:38","slug":"gaser-super-smart-hamburger-formazo","status":"publish","type":"product","link":"https:\/\/kromiker.hu\/en\/product\/gaser-super-smart-hamburger-formazo\/","title":{"rendered":"GASER Super Smart hamburger shaper"},"content":{"rendered":"<p><strong>Main features:<\/strong><\/p>\n<ul>\n<li><strong>Prec\u00edz \u00e9s k\u00edm\u00e9letes adagol\u00e1s:<\/strong><br \/>\nA rugalmas\u00a0 rendszer egyenletes nyom\u00e1seloszl\u00e1st biztos\u00edt, amely lehet\u0151v\u00e9 teszi az alapanyag <strong>roncsol\u00e1smentes, struktur\u00e1lis k\u00e1rosod\u00e1s n\u00e9lk\u00fcli<\/strong> tov\u00e1bb\u00edt\u00e1s\u00e1t.<\/li>\n<li><strong>Egyszer\u0171 kezelhet\u0151s\u00e9g \u00e9s gyors tiszt\u00edthat\u00f3s\u00e1g:<\/strong><br \/>\nA felhaszn\u00e1l\u00f3bar\u00e1t kialak\u00edt\u00e1s gyors \u00e1t\u00e1ll\u00e1st, egyszer\u0171 sz\u00e9tszerel\u00e9st \u00e9s hat\u00e9kony tiszt\u00edt\u00e1st tesz lehet\u0151v\u00e9, n\u00f6velve az \u00fczemi hat\u00e9konys\u00e1got.<\/li>\n<li><strong>Biztons\u00e1gos \u00fczemeltet\u00e9s:<\/strong><br \/>\nA v\u00e9dett mechanikai kialak\u00edt\u00e1s \u00e9s az egyszer\u0171 kezel\u0151fel\u00fclet cs\u00f6kkenti a kezel\u0151i hib\u00e1k \u00e9s balesetek kock\u00e1zat\u00e1t.<\/li>\n<li><strong>Opcion\u00e1lis pap\u00edradagol\u00f3 rendszer:<\/strong><br \/>\nMegakad\u00e1lyozza a pog\u00e1cs\u00e1k \u00f6sszetapad\u00e1s\u00e1t, megk\u00f6nny\u00edtve a tov\u00e1bbi feldolgoz\u00e1st, csomagol\u00e1st vagy fagyaszt\u00e1st.<\/li>\n<\/ul>\n<p><strong>The basic model has the following features.<\/strong><\/p>\n<ul>\n<li>Teljes eg\u00e9sz\u00e9ben rozsdamentes ac\u00e9l kivitel<\/li>\n<li>\u00c1ll\u00edthat\u00f3 pog\u00e1csavastags\u00e1g<\/li>\n<li>Elt\u00e1vol\u00edthat\u00f3 alapanyagtart\u00e1ly als\u00f3 \u00fcr\u00edt\u00e9ssel<\/li>\n<li>Standard sz\u00e1ll\u00edt\u00f3szalag<\/li>\n<li>Gyorscsatlakoz\u00f3s kever\u0151lap\u00e1t<\/li>\n<li>Automatikus kidob\u00f3menet-tiszt\u00edt\u00e1s<\/li>\n<li>Cser\u00e9lhet\u0151 Delrin\u00ae form\u00e1z\u00f3henger (alap kerek forma)<\/li>\n<li>Biztons\u00e1gi burkolatok \u00e9s k\u00f3dolt m\u00e1gneses mikrokapcsol\u00f3k<\/li>\n<li>IP55 v\u00e9detts\u00e9g\u0171 elektromos egys\u00e9g<\/li>\n<\/ul>\n<p><strong>Accessories and optional accessories:<\/strong><\/p>\n<ul>\n<li>Pap\u00edrelv\u00e1laszt\u00f3 adagol\u00f3<\/li>\n<li>Tov\u00e1bbi vagy speci\u00e1lis (nem kerek) form\u00e1z\u00f3bet\u00e9tek<\/li>\n<li>Dupla form\u00e1z\u00f3<\/li>\n<li>Rozsdamentes ac\u00e9l asztal kerekekkel<\/li>\n<li>L\u00e1bped\u00e1l<\/li>\n<li>Sebess\u00e9gszab\u00e1lyz\u00f3<\/li>\n<\/ul>","protected":false},"excerpt":{"rendered":"<p>The <strong>GASER Super Smart hamburger form\u00e1z\u00f3 g\u00e9p<\/strong> egy megb\u00edzhat\u00f3, f\u00e9lautomata berendez\u00e9s, amelyet kifejezetten a h\u00fasipari feldolgoz\u00e1s professzion\u00e1lis ig\u00e9nyeihez fejlesztettek ki. A g\u00e9p egyenletes m\u00e9ret\u0171 \u00e9s vastags\u00e1g\u00fa hamburgerpog\u00e1cs\u00e1k el\u0151\u00e1ll\u00edt\u00e1s\u00e1t biztos\u00edtja, hozz\u00e1j\u00e1rulva az \u00e1lland\u00f3 term\u00e9kmin\u0151s\u00e9ghez \u00e9s a hat\u00e9kony gy\u00e1rt\u00e1si folyamathoz.<\/p>\n<p><strong>Applications:<\/strong><\/p>\n<p>Ide\u00e1lis v\u00e1laszt\u00e1s h\u00fasfeldolgoz\u00f3 \u00fczemekben, kisebb ipari termel\u00e9si egys\u00e9gekben, valamint vend\u00e9gl\u00e1t\u00f3 k\u00f6rnyezetben, ahol kiemelt k\u00f6vetelm\u00e9ny az \u00e1lland\u00f3 min\u0151s\u00e9g \u00e9s a megb\u00edzhat\u00f3 form\u00e1z\u00e1s.<\/p>","protected":false},"featured_media":4723,"template":"","meta":{"_acf_changed":false,"_kad_post_transparent":"default","_kad_post_title":"","_kad_post_layout":"default","_kad_post_sidebar_id":"","_kad_post_content_style":"default","_kad_post_vertical_padding":"default","_kad_post_feature":"","_kad_post_feature_position":"","_kad_post_header":false,"_kad_post_footer":false,"_kad_post_classname":""},"pwb-brand":[],"product_brand":[1696],"product_cat":[1787,1739],"product_tag":[1866],"class_list":{"0":"post-4721","1":"product","2":"type-product","3":"status-publish","4":"has-post-thumbnail","6":"product_brand-gaser","7":"product_cat-adagoloesformazogepek","8":"product_cat-tovabbfeldolgozas","9":"product_tag-gaser","11":"first","12":"instock","13":"shipping-taxable","14":"product-type-simple","15":"entry","16":"content-bg","17":"loop-entry"},"acf":[],"brands":[],"_links":{"self":[{"href":"https:\/\/kromiker.hu\/en\/wp-json\/wp\/v2\/product\/4721","targetHints":{"allow":["GET"]}}],"collection":[{"href":"https:\/\/kromiker.hu\/en\/wp-json\/wp\/v2\/product"}],"about":[{"href":"https:\/\/kromiker.hu\/en\/wp-json\/wp\/v2\/types\/product"}],"wp:featuredmedia":[{"embeddable":true,"href":"https:\/\/kromiker.hu\/en\/wp-json\/wp\/v2\/media\/4723"}],"wp:attachment":[{"href":"https:\/\/kromiker.hu\/en\/wp-json\/wp\/v2\/media?parent=4721"}],"wp:term":[{"taxonomy":"pwb-brand","embeddable":true,"href":"https:\/\/kromiker.hu\/en\/wp-json\/wp\/v2\/pwb-brand?post=4721"},{"taxonomy":"product_brand","embeddable":true,"href":"https:\/\/kromiker.hu\/en\/wp-json\/wp\/v2\/product_brand?post=4721"},{"taxonomy":"product_cat","embeddable":true,"href":"https:\/\/kromiker.hu\/en\/wp-json\/wp\/v2\/product_cat?post=4721"},{"taxonomy":"product_tag","embeddable":true,"href":"https:\/\/kromiker.hu\/en\/wp-json\/wp\/v2\/product_tag?post=4721"}],"curies":[{"name":"wp","href":"https:\/\/api.w.org\/{rel}","templated":true}]}}