{"id":4725,"date":"2026-01-09T17:02:36","date_gmt":"2026-01-09T16:02:36","guid":{"rendered":"https:\/\/halnoel1234-kmnuz.wpcomstaging.com\/?post_type=product&#038;p=4725"},"modified":"2026-03-30T20:59:41","modified_gmt":"2026-03-30T18:59:41","slug":"inject-star-p20-csontszeparator","status":"publish","type":"product","link":"https:\/\/kromiker.hu\/en\/product\/inject-star-p20-csontszeparator\/","title":{"rendered":"Inject Star P20 bone separator"},"content":{"rendered":"<p><strong>Main features:<\/strong><\/p>\n<ul>\n<li><strong>Line\u00e1ris hidraulikus rendszer: <\/strong>Alacsony h\u0151m\u00e9rs\u00e9klet-emelked\u00e9s mellett nyeri ki a h\u00fast, meg\u0151rizve annak min\u0151s\u00e9g\u00e9t \u00e9s sz\u00edn\u00e9t.<\/li>\n<li><strong>Alacsony kalciumszint: <\/strong>A v\u00e9gterm\u00e9k kalciumtartalma alacsony marad (max. 1000 mg\/kg), ami megfelel a szigor\u00fa \u00e9lelmiszeripari el\u0151\u00edr\u00e1soknak.<\/li>\n<li><strong>Sz\u0171r\u0151v\u00e1laszt\u00e9k: <\/strong>Alapesetben 2 mm-es vagy 8 mm-es perfor\u00e1lt sz\u0171r\u0151vel \u00e9rhet\u0151 el.<\/li>\n<li><strong>Controls: <\/strong>Modern, \u00e9rint\u0151k\u00e9perny\u0151s sz\u00e1m\u00edt\u00f3g\u00e9pes vez\u00e9rl\u00e9s a folyamatok pontos fel\u00fcgyelet\u00e9hez.<\/li>\n<li><strong>Hygiene: <\/strong>Rozsdamentes ac\u00e9l kivitel, k\u00f6nnyen tiszt\u00edthat\u00f3 &#8222;Hygienic Design&#8221;.<\/li>\n<li><strong>Biztons\u00e1gi funkci\u00f3k: <\/strong>Megfelel a legmagasabb eur\u00f3pai biztons\u00e1gi szabv\u00e1nyoknak (CE min\u0151s\u00edt\u00e9s), v\u00e9szle\u00e1ll\u00edt\u00f3val \u00e9s biztons\u00e1gi \u00e9rz\u00e9kel\u0151kkel ell\u00e1tva<\/li>\n<\/ul>\n<p><strong>\u00a0<\/strong><strong>The basic model has the following features:<\/strong><\/p>\n<ul>\n<li>\u00c9rint\u0151k\u00e9perny\u0151s sz\u00e1m\u00edt\u00f3g\u00e9pes vez\u00e9rl\u00e9s<\/li>\n<li>Hidraulikus rendszer<\/li>\n<li>Sz\u0171r\u0151egys\u00e9g<\/li>\n<\/ul>\n<p><strong>\u00a0\u00a0\u00a0\u00a0\u00a0 Accessories and optional accessories:<\/strong><\/p>\n<ul>\n<li>Be\u00e9p\u00edtett vagy k\u00fcl\u00f6n\u00e1ll\u00f3 csontt\u00f6r\u0151 egys\u00e9g<\/li>\n<li>L\u00e1gy-szepar\u00e1tor (Baader l\u00e1gyszepar\u00e1tor) kieg\u00e9sz\u00edt\u00e9s.<\/li>\n<li>Emel\u0151- \u00e9s sz\u00e1ll\u00edt\u00f3 berendez\u00e9sek<\/li>\n<\/ul>","protected":false},"excerpt":{"rendered":"<p>&nbsp;<\/p>\n<p>A csontoz\u00e1s folyam\u00e1n a csonton maradt h\u00fasok sz\u00e9tv\u00e1laszt\u00e1s\u00e1ra fejlesztett g\u00e9p, mely Baader g\u00e9ppel kombin\u00e1lva minimaliz\u00e1lja a feldolgoz\u00e1s folyam\u00e1n keletkezett vesztes\u00e9geket. A kinyert term\u00e9k alkalmas tov\u00e1bbfeldolgoz\u00e1sra h\u00fask\u00e9sz\u00edtm\u00e9nyek pl. v\u00f6r\u00f6s\u00e1ruk, kolb\u00e1szf\u00e9l\u00e9k, stb. el\u0151\u00e1ll\u00edt\u00e1s\u00e1ra. A g\u00e9p t\u00f6bbf\u00e9le verzi\u00f3ban is el\u00e9rhet\u0151, az \u00fczem ig\u00e9nyeinek figyelembev\u00e9tel\u00e9vel.<\/p>\n<p><strong>\u00a0<\/strong><strong>Applications:<\/strong><\/p>\n<ul>\n<li>A g\u00e9pet kis- \u00e9s k\u00f6zepes h\u00fasipari \u00fczemek sz\u00e1m\u00e1ra tervezt\u00e9k a h\u00fas visszanyer\u00e9s\u00e9re (\u00fagynevezett &#8222;meat recovery&#8221;), biztos\u00edtva a higi\u00e9nikus kialak\u00edt\u00e1st \u00e9s a legmagasabb biztons\u00e1gi szabv\u00e1nyoknak val\u00f3 megfelel\u00e9st.<\/li>\n<\/ul>\n<ul>\n<li>Els\u0151sorban sert\u00e9s-, marha- \u00e9s b\u00e1r\u00e1nycsontok feldolgoz\u00e1s\u00e1ra haszn\u00e1lj\u00e1k. A v\u00e1g\u00e1s ut\u00e1ni csontokr\u00f3l ak\u00e1r a h\u00fas\u00a0<strong>30%-\u00e1t<\/strong> is k\u00e9pes visszanyerni, maximaliz\u00e1lva a profitot.<\/li>\n<\/ul>\n<p><strong>Operating principle:<\/strong><\/p>\n<ul>\n<li>A speci\u00e1lis t\u00f6lt\u0151egys\u00e9g a csontokat a pr\u00e9skamr\u00e1ba tov\u00e1bb\u00edtja, ahol azok t\u00f6m\u00f6r\u00edt\u00e9sre ker\u00fclnek. Ezt k\u00f6vet\u0151en egy line\u00e1ris hidraulikus rendszer v\u00e9gzi el a h\u00fas lev\u00e1laszt\u00e1s\u00e1t, majd a massz\u00e1t egy 8 mm-es perfor\u00e1lt sz\u0171r\u0151n pr\u00e9seli \u00e1t.<\/li>\n<\/ul>","protected":false},"featured_media":4727,"template":"","meta":{"_acf_changed":false,"_kad_post_transparent":"default","_kad_post_title":"","_kad_post_layout":"default","_kad_post_sidebar_id":"","_kad_post_content_style":"default","_kad_post_vertical_padding":"default","_kad_post_feature":"","_kad_post_feature_position":"","_kad_post_header":false,"_kad_post_footer":false,"_kad_post_classname":""},"pwb-brand":[],"product_brand":[1709],"product_cat":[1738,1792],"product_tag":[1872],"class_list":{"0":"post-4725","1":"product","2":"type-product","3":"status-publish","4":"has-post-thumbnail","6":"product_brand-inject-star","7":"product_cat-baaderingtechnologia-szeparalas","8":"product_cat-csontszeparatorok","9":"product_tag-inject-star","11":"first","12":"instock","13":"shipping-taxable","14":"product-type-simple","15":"entry","16":"content-bg","17":"loop-entry"},"acf":[],"brands":[],"_links":{"self":[{"href":"https:\/\/kromiker.hu\/en\/wp-json\/wp\/v2\/product\/4725","targetHints":{"allow":["GET"]}}],"collection":[{"href":"https:\/\/kromiker.hu\/en\/wp-json\/wp\/v2\/product"}],"about":[{"href":"https:\/\/kromiker.hu\/en\/wp-json\/wp\/v2\/types\/product"}],"wp:featuredmedia":[{"embeddable":true,"href":"https:\/\/kromiker.hu\/en\/wp-json\/wp\/v2\/media\/4727"}],"wp:attachment":[{"href":"https:\/\/kromiker.hu\/en\/wp-json\/wp\/v2\/media?parent=4725"}],"wp:term":[{"taxonomy":"pwb-brand","embeddable":true,"href":"https:\/\/kromiker.hu\/en\/wp-json\/wp\/v2\/pwb-brand?post=4725"},{"taxonomy":"product_brand","embeddable":true,"href":"https:\/\/kromiker.hu\/en\/wp-json\/wp\/v2\/product_brand?post=4725"},{"taxonomy":"product_cat","embeddable":true,"href":"https:\/\/kromiker.hu\/en\/wp-json\/wp\/v2\/product_cat?post=4725"},{"taxonomy":"product_tag","embeddable":true,"href":"https:\/\/kromiker.hu\/en\/wp-json\/wp\/v2\/product_tag?post=4725"}],"curies":[{"name":"wp","href":"https:\/\/api.w.org\/{rel}","templated":true}]}}