{"id":4764,"date":"2026-01-11T18:07:23","date_gmt":"2026-01-11T17:07:23","guid":{"rendered":"https:\/\/halnoel1234-kmnuz.wpcomstaging.com\/?post_type=product&#038;p=4764"},"modified":"2026-03-30T20:59:02","modified_gmt":"2026-03-30T18:59:02","slug":"hts-150-vakuumos-toltogep","status":"publish","type":"product","link":"https:\/\/kromiker.hu\/en\/product\/hts-150-vakuumos-toltogep\/","title":{"rendered":"HTS 150 vacuum filling machine"},"content":{"rendered":"<p><strong>F\u0151 jellemz\u0151k<\/strong><\/p>\n<ul>\n<li><strong>Precizit\u00e1s:<\/strong> Kiemelked\u0151 adagol\u00e1si pontoss\u00e1g a szervohajt\u00e1snak \u00e9s a speci\u00e1lis forg\u00f3r\u00e9szes anyagtov\u00e1bb\u00edt\u00f3 rendszernek k\u00f6sz\u00f6nhet\u0151en.<\/li>\n<li><strong>K\u00edm\u00e9letes technol\u00f3gia:<\/strong> A term\u00e9k szerkezet\u00e9t meg\u0151rz\u0151, roncsol\u00e1smentes t\u00f6lt\u00e9si folyamat.<\/li>\n<li><strong>Higi\u00e9nia \u00e9s tart\u00f3ss\u00e1g:<\/strong> Teljesen rozsdamentes ac\u00e9l kivitel, edzett anyagokb\u00f3l k\u00e9sz\u00fclt tov\u00e1bb\u00edt\u00f3 mechanizmus a minim\u00e1lis kop\u00e1s \u00e9rdek\u00e9ben.<\/li>\n<li><strong>Efficiency:<\/strong> Minim\u00e1lis marad\u00e9kanyag a t\u00f6lcs\u00e9rben a munkafolyamat v\u00e9g\u00e9n.<\/li>\n<\/ul>\n<p><strong>The basic model has the following features:<\/strong><\/p>\n<ul>\n<li><strong>Basic accessories:<\/strong> 250 literes kiford\u00edthat\u00f3 t\u00f6lt\u0151t\u00f6lcs\u00e9r, \u00e9rint\u0151k\u00e9perny\u0151s vez\u00e9rl\u00e9s, jelcsatlakoz\u00f3 k\u00fcls\u0151 egys\u00e9gekhez (pl. klipszel\u0151), 3 darab v\u00e1laszthat\u00f3 t\u00f6lt\u0151cs\u0151,<\/li>\n<li><strong>Adagol\u00f3 rendszer:<\/strong> Folyamatos t\u00f6lt\u00e9s, \u00e9s prec\u00edzi\u00f3s adagol\u00e1s egaliz\u00e1lt s\u00faly\u00fa term\u00e9kekhez.<\/li>\n<li><strong>Controls:<\/strong> Felhaszn\u00e1l\u00f3bar\u00e1t sz\u00e1m\u00edt\u00f3g\u00e9pes technol\u00f3gia modern<strong> \u201eTouch-Screen\u201d<\/strong> \u00e9rint\u0151k\u00e9perny\u0151s vez\u00e9rl\u00e9s szimb\u00f3lumrendszerrel, diagnosztikai funkci\u00f3kkal \u00e9s hiba\u00fczenetek kijelz\u00e9s\u00e9vel.<\/li>\n<\/ul>\n<p><strong>Accessories and optional accessories:<\/strong><\/p>\n<ul>\n<li><strong>Emel\u0151szerkezet:<\/strong> Oszlopos emel\u0151berendez\u00e9s a t\u00f6lcs\u00e9r k\u00e9nyelmesebb felt\u00f6lt\u00e9s\u00e9hez.<\/li>\n<li><strong>Nagyobb tart\u00e1ly:<\/strong> 350 literes t\u00f6lcs\u00e9r opci\u00f3 a m\u00e9g nagyobb volumen\u0171 gy\u00e1rt\u00e1shoz.<\/li>\n<li><strong>V\u00e1kuumszivatty\u00fa:<\/strong> Megn\u00f6velt kapacit\u00e1s\u00fa 40m3-esre.<\/li>\n<li><strong>HTS frekvenciav\u00e1lt\u00f3: <\/strong>Forg\u00f3 hajt\u00e1s a virsli \u00e9s kolb\u00e1szf\u00e9l\u00e9k elp\u00e1roz\u00e1s\u00e1hoz.<\/li>\n<\/ul>\n<p><strong>HV395 p\u00e1roz\u00f3m\u0171:<\/strong> Virslif\u00e9l\u00e9k, k\u00fcl\u00f6nb\u00f6z\u0151 p\u00e1roskolb\u00e1szok k\u00e9sz\u00edt\u00e9s\u00e9hez k\u00fcl\u00f6nb\u00f6z\u0151 m\u00e9ret\u0171 t\u00f6lt\u0151cs\u00f6vekkel<\/p>","protected":false},"excerpt":{"rendered":"<p><strong>A HTS 150<\/strong> v\u00e1kuumos t\u00f6lt\u0151 egy sokoldal\u00fa, &#8222;dinamikus t\u00f6lt\u0151g\u00e9p&#8221;, amelyet k\u00f6zepes \u00e9s nagy\u00fczemi h\u00fasipari felhaszn\u00e1l\u00e1sra terveztek. A g\u00e9p a prec\u00edzi\u00f3s adagol\u00e1st, a k\u00edm\u00e9letes term\u00e9kkezel\u00e9st \u00e9s a nagy teljes\u00edtm\u00e9nyt \u00f6tv\u00f6zi, lehet\u0151v\u00e9 t\u00e9ve a bubor\u00e9kmentes t\u00f6lt\u00e9st \u00e9s a pontos s\u00falytart\u00e1st m\u00e9g nagy sebess\u00e9g mellett is.<\/p>\n<p><strong>Alkalmaz\u00e1si ter\u00fcletek<\/strong><\/p>\n<ul>\n<li><strong>H\u00fasipar:<\/strong> Kolb\u00e1szf\u00e9l\u00e9k, szal\u00e1mik \u00e9s egy\u00e9b t\u00f6ltel\u00e9kes \u00e1ruk folyamatos t\u00f6lt\u00e9se, p\u00e1roz\u00e1sa \u00e9s adagol\u00e1sa.<\/li>\n<li><strong>K\u00e9nyelmi \u00e9telek:<\/strong> P\u00e1st\u00e9tomok, kr\u00e9mek \u00e9s egy\u00e9b viszk\u00f3zus \u00e9lelmiszerek pontos adagol\u00e1sa.<\/li>\n<li><strong>Ipari sorozatgy\u00e1rt\u00e1s:<\/strong> Klipszel\u0151 g\u00e9pekkel \u00f6sszek\u00f6tve automatiz\u00e1lt gy\u00e1rt\u00f3sorok r\u00e9szek\u00e9nt.<\/li>\n<\/ul>","protected":false},"featured_media":5430,"template":"","meta":{"_acf_changed":false,"_kad_post_transparent":"default","_kad_post_title":"","_kad_post_layout":"default","_kad_post_sidebar_id":"","_kad_post_content_style":"default","_kad_post_vertical_padding":"default","_kad_post_feature":"","_kad_post_feature_position":"","_kad_post_header":false,"_kad_post_footer":false,"_kad_post_classname":""},"pwb-brand":[],"product_brand":[1707],"product_cat":[1751,1739],"product_tag":[1870],"class_list":{"0":"post-4764","1":"product","2":"type-product","3":"status-publish","4":"has-post-thumbnail","6":"product_brand-hts","7":"product_cat-tolto-zarogepek","8":"product_cat-tovabbfeldolgozas","9":"product_tag-hts","11":"first","12":"instock","13":"shipping-taxable","14":"product-type-simple","15":"entry","16":"content-bg","17":"loop-entry"},"acf":[],"brands":[],"_links":{"self":[{"href":"https:\/\/kromiker.hu\/en\/wp-json\/wp\/v2\/product\/4764","targetHints":{"allow":["GET"]}}],"collection":[{"href":"https:\/\/kromiker.hu\/en\/wp-json\/wp\/v2\/product"}],"about":[{"href":"https:\/\/kromiker.hu\/en\/wp-json\/wp\/v2\/types\/product"}],"wp:featuredmedia":[{"embeddable":true,"href":"https:\/\/kromiker.hu\/en\/wp-json\/wp\/v2\/media\/5430"}],"wp:attachment":[{"href":"https:\/\/kromiker.hu\/en\/wp-json\/wp\/v2\/media?parent=4764"}],"wp:term":[{"taxonomy":"pwb-brand","embeddable":true,"href":"https:\/\/kromiker.hu\/en\/wp-json\/wp\/v2\/pwb-brand?post=4764"},{"taxonomy":"product_brand","embeddable":true,"href":"https:\/\/kromiker.hu\/en\/wp-json\/wp\/v2\/product_brand?post=4764"},{"taxonomy":"product_cat","embeddable":true,"href":"https:\/\/kromiker.hu\/en\/wp-json\/wp\/v2\/product_cat?post=4764"},{"taxonomy":"product_tag","embeddable":true,"href":"https:\/\/kromiker.hu\/en\/wp-json\/wp\/v2\/product_tag?post=4764"}],"curies":[{"name":"wp","href":"https:\/\/api.w.org\/{rel}","templated":true}]}}