{"id":4796,"date":"2026-01-22T17:42:26","date_gmt":"2026-01-22T16:42:26","guid":{"rendered":"https:\/\/halnoel1234-kmnuz.wpcomstaging.com\/?post_type=product&#038;p=4796"},"modified":"2026-03-30T21:01:23","modified_gmt":"2026-03-30T19:01:23","slug":"pss-sf620-fagyotthus-tombmaro-gep","status":"publish","type":"product","link":"https:\/\/kromiker.hu\/en\/product\/pss-sf620-fagyotthus-tombmaro-gep\/","title":{"rendered":"PSS SF620 Frozen meat block milling machine"},"content":{"rendered":"<p><strong>Main features:<\/strong><\/p>\n<ul>\n<li><strong>Nagyobb feldolgoz\u00e1si keresztmetszet:<\/strong> a 620 mm-es v\u00e1g\u00e1si sz\u00e9less\u00e9g kedvez\u0151bb anyag\u00e1raml\u00e1s kezel\u00e9s\u00e9t teszi lehet\u0151v\u00e9.<\/li>\n<li><strong>Ipari, robusztus fel\u00e9p\u00edt\u00e9s<\/strong>: hossz\u00fa t\u00e1v\u00fa, megb\u00edzhat\u00f3 m\u0171k\u00f6d\u00e9sre lett tervezve.<\/li>\n<li><strong>\u00dczemeltet\u00e9s-orient\u00e1lt kialak\u00edt\u00e1s<\/strong>: egyszer\u0171 tiszt\u00edt\u00e1ssal, karbantart\u00e1ssal \u00e9s gyors \u00e1t\u00e1ll\u00e1ssal.<\/li>\n<li><strong>Automatiz\u00e1lt anyagpozicion\u00e1l\u00e1s<\/strong>, amely cs\u00f6kkenti az emberi beavatkoz\u00e1s sz\u00fcks\u00e9gess\u00e9g\u00e9t \u00e9s biztos\u00edtja az \u00e1lland\u00f3 v\u00e1g\u00e1si min\u0151s\u00e9get.<\/li>\n<\/ul>\n<p><strong>The basic model has the following features.<\/strong><\/p>\n<ul>\n<li>G\u00e9pv\u00e1z \u00e9s hajt\u00e1s<\/li>\n<li>Billenthet\u0151 bet\u00f6lt\u0151asztal<\/li>\n<li>El\u0151tol\u00f3 \/ tol\u00f3szerkezet<\/li>\n<li>V\u00e1g\u00f3dob<\/li>\n<li>K\u00e9sk\u00e9szlet<\/li>\n<\/ul>\n<p><strong>Accessories and optional accessories:<\/strong><\/p>","protected":false},"excerpt":{"rendered":"<p>The <strong>PSS SF 620<\/strong> a PSS SF fagyasztotth\u00fas t\u00f6mbmar\u00f3 sorozat m\u00e1sodik tagja, amely a nagyobb v\u00e1g\u00e1si sz\u00e9less\u00e9g \u00e9s kapacit\u00e1s ir\u00e1ny\u00e1ba jelent el\u0151rel\u00e9p\u00e9st. Kialak\u00edt\u00e1sa az \u00fczembiztos, folyamatos ipari feldolgoz\u00e1st szolg\u00e1lja, mik\u00f6zben meg\u0151rzi a k\u00edm\u00e9letes \u00e9s pontos darabol\u00e1st.<\/p>\n<p><strong>Applications:<\/strong><\/p>\n<ul>\n<li>H\u00fasfeldolgoz\u00f3 \u00e9s \u00e9lelmiszeripari \u00fczemekben alkalmazhat\u00f3 fagyasztott h\u00fasblokkok ipari el\u0151darabol\u00e1s\u00e1ra, a tov\u00e1bbi technol\u00f3giai feldolgoz\u00e1si l\u00e9p\u00e9sek megb\u00edzhat\u00f3 el\u0151k\u00e9sz\u00edt\u00e9s\u00e9re. Alkalmas sert\u00e9s-, marha-, baromfi-, hal- \u00e9s egy\u00e9b fagyasztott alapanyagok feldolgoz\u00e1s\u00e1ra.<\/li>\n<\/ul>","protected":false},"featured_media":4798,"template":"","meta":{"_acf_changed":false,"_kad_post_transparent":"default","_kad_post_title":"","_kad_post_layout":"default","_kad_post_sidebar_id":"","_kad_post_content_style":"default","_kad_post_vertical_padding":"default","_kad_post_feature":"","_kad_post_feature_position":"","_kad_post_header":false,"_kad_post_footer":false,"_kad_post_classname":""},"pwb-brand":[],"product_brand":[1706],"product_cat":[1789,1739],"product_tag":[1876],"class_list":{"0":"post-4796","1":"product","2":"type-product","3":"status-publish","4":"has-post-thumbnail","6":"product_brand-pss-svidnik-a-s","7":"product_cat-fagyotthustomb-darabolo-es-maro-gepek","8":"product_cat-tovabbfeldolgozas","9":"product_tag-pss-svidnik-as","11":"first","12":"instock","13":"shipping-taxable","14":"product-type-simple","15":"entry","16":"content-bg","17":"loop-entry"},"acf":[],"brands":[],"_links":{"self":[{"href":"https:\/\/kromiker.hu\/en\/wp-json\/wp\/v2\/product\/4796","targetHints":{"allow":["GET"]}}],"collection":[{"href":"https:\/\/kromiker.hu\/en\/wp-json\/wp\/v2\/product"}],"about":[{"href":"https:\/\/kromiker.hu\/en\/wp-json\/wp\/v2\/types\/product"}],"wp:featuredmedia":[{"embeddable":true,"href":"https:\/\/kromiker.hu\/en\/wp-json\/wp\/v2\/media\/4798"}],"wp:attachment":[{"href":"https:\/\/kromiker.hu\/en\/wp-json\/wp\/v2\/media?parent=4796"}],"wp:term":[{"taxonomy":"pwb-brand","embeddable":true,"href":"https:\/\/kromiker.hu\/en\/wp-json\/wp\/v2\/pwb-brand?post=4796"},{"taxonomy":"product_brand","embeddable":true,"href":"https:\/\/kromiker.hu\/en\/wp-json\/wp\/v2\/product_brand?post=4796"},{"taxonomy":"product_cat","embeddable":true,"href":"https:\/\/kromiker.hu\/en\/wp-json\/wp\/v2\/product_cat?post=4796"},{"taxonomy":"product_tag","embeddable":true,"href":"https:\/\/kromiker.hu\/en\/wp-json\/wp\/v2\/product_tag?post=4796"}],"curies":[{"name":"wp","href":"https:\/\/api.w.org\/{rel}","templated":true}]}}