{"id":4822,"date":"2026-01-22T18:57:39","date_gmt":"2026-01-22T17:57:39","guid":{"rendered":"https:\/\/halnoel1234-kmnuz.wpcomstaging.com\/?post_type=product&#038;p=4822"},"modified":"2026-03-30T20:54:32","modified_gmt":"2026-03-30T18:54:32","slug":"beelonia-tf-szeria-szaritoszekreny","status":"publish","type":"product","link":"https:\/\/kromiker.hu\/en\/product\/beelonia-tf-szeria-szaritoszekreny\/","title":{"rendered":"Beelonia TF series drying cabinet"},"content":{"rendered":"<p><strong>Main features:<\/strong><\/p>\n<ul>\n<li><strong>Egyenletes \u00e9s hat\u00e9kony sz\u00e1r\u00edt\u00e1s:<\/strong> A korszer\u0171 kereszt\u00e1ram\u00fa leveg\u0151\u00e1raml\u00e1s (cross-flow) homog\u00e9n l\u00e9g\u00e1raml\u00e1st biztos\u00edt a teljes sz\u00e1r\u00edt\u00f3t\u00e9rben.<\/li>\n<li><strong>Professzion\u00e1lis min\u0151s\u00e9g:<\/strong> Ipari felhaszn\u00e1l\u00e1sra tervezett, megb\u00edzhat\u00f3 konstrukci\u00f3 hossz\u00fa \u00e9lettartammal.<\/li>\n<li><strong>Rugalmas kialak\u00edt\u00e1s:<\/strong> Balos vagy jobbos ajt\u00f3zsan\u00e9r, valamint kocsis kivitel is el\u00e9rhet\u0151<\/li>\n<li><strong>Kiv\u00e1l\u00f3 sz\u00e1r\u00edt\u00e1si eredm\u00e9ny:<\/strong> Egys\u00e9ges min\u0151s\u00e9g, t\u00falsz\u00e1r\u00edt\u00e1s \u00e9s egyenetlens\u00e9gek n\u00e9lk\u00fcl.<\/li>\n<li><strong>Felhaszn\u00e1l\u00f3bar\u00e1t megold\u00e1s:<\/strong> Ergonomikus kezel\u00e9s, k\u00f6nny\u0171 integr\u00e1lhat\u00f3s\u00e1g megl\u00e9v\u0151 munkafolyamatokba.<\/li>\n<\/ul>\n<p><strong>The basic model has the following features.<\/strong><\/p>\n<ul>\n<li>Kereszt\u00e1ram\u00fa (cross-flow) l\u00e9gtechnol\u00f3gia<\/li>\n<li>Egyenletes leveg\u0151eloszt\u00e1st biztos\u00edt\u00f3 ventil\u00e1torrendszer<\/li>\n<li>\u00c1ll\u00edthat\u00f3 sz\u00e1r\u00edt\u00e1si h\u0151m\u00e9rs\u00e9klet<\/li>\n<li>Balos vagy jobbos ajt\u00f3zsan\u00e9r-kialak\u00edt\u00e1s<\/li>\n<li>Stainless steel finish<\/li>\n<\/ul>\n<p><strong>Accessories and optional accessories:<\/strong><\/p>\n<ul>\n<li>Sz\u00e1r\u00edt\u00f3kocsival\/sz\u00e1r\u00edt\u00f3kocsi n\u00e9lk\u00fcl<\/li>\n<li>Sz\u00e1r\u00edt\u00f3kocsik sz\u00e1ma (1-6)<\/li>\n<\/ul>","protected":false},"excerpt":{"rendered":"<p>A kereszt\u00e1ram\u00fa (cross-flow) technol\u00f3gi\u00e1val m\u0171k\u00f6d\u0151 TF sz\u00e9ri\u00e1s sz\u00e1r\u00edt\u00f3szekr\u00e9nyek egyenletes l\u00e9g\u00e1raml\u00e1st \u00e9s kiv\u00e1l\u00f3 sz\u00e1r\u00edt\u00e1si eredm\u00e9nyt biztos\u00edt. Megb\u00edzhat\u00f3, professzion\u00e1lis megold\u00e1s ipari felhaszn\u00e1l\u00e1sra. A sz\u00e9ria a TF1-t\u0151l eg\u00e9szen a TF6-ig terjed, \u00edgy k\u00fcl\u00f6nb\u00f6z\u0151 kapacit\u00e1sig\u00e9nyekhez \u00e9s felhaszn\u00e1l\u00e1si ter\u00fcletekhez k\u00edn\u00e1l megfelel\u0151 megold\u00e1st<\/p>\n<p><strong>Applications:<\/strong><\/p>\n<ul>\n<li>A sz\u00e1r\u00edt\u00f3szekr\u00e9nyek sz\u00e9les k\u00f6rben alkalmazhat\u00f3 az \u00e9lelmiszeriparban, t\u00f6bbek k\u00f6z\u00f6tt h\u00fas-, \u00e9s halfeldolgoz\u00e1sban, sajtk\u00e9sz\u00edt\u00e9sn\u00e9l, de m\u00e9g gy\u00fcm\u00f6lcs\u00f6k sz\u00e1r\u00edt\u00e1s\u00e1n\u00e1l is. Ide\u00e1lis megold\u00e1st jelent k\u00e9zm\u0171ves m\u0171helyekben, kis\u00fczemekben \u00e9s ipari k\u00f6rnyezetben egyar\u00e1nt.<\/li>\n<\/ul>","protected":false},"featured_media":4824,"template":"","meta":{"_acf_changed":false,"_kad_post_transparent":"default","_kad_post_title":"","_kad_post_layout":"default","_kad_post_sidebar_id":"","_kad_post_content_style":"default","_kad_post_vertical_padding":"default","_kad_post_feature":"","_kad_post_feature_position":"","_kad_post_header":false,"_kad_post_footer":false,"_kad_post_classname":""},"pwb-brand":[],"product_brand":[1850],"product_cat":[1765,1739],"product_tag":[1862],"class_list":{"0":"post-4822","1":"product","2":"type-product","3":"status-publish","4":"has-post-thumbnail","6":"product_brand-beelonia","7":"product_cat-fozofustoloberendezesek","8":"product_cat-tovabbfeldolgozas","9":"product_tag-beelonia","11":"first","12":"instock","13":"shipping-taxable","14":"product-type-simple","15":"entry","16":"content-bg","17":"loop-entry"},"acf":[],"brands":[],"_links":{"self":[{"href":"https:\/\/kromiker.hu\/en\/wp-json\/wp\/v2\/product\/4822","targetHints":{"allow":["GET"]}}],"collection":[{"href":"https:\/\/kromiker.hu\/en\/wp-json\/wp\/v2\/product"}],"about":[{"href":"https:\/\/kromiker.hu\/en\/wp-json\/wp\/v2\/types\/product"}],"wp:featuredmedia":[{"embeddable":true,"href":"https:\/\/kromiker.hu\/en\/wp-json\/wp\/v2\/media\/4824"}],"wp:attachment":[{"href":"https:\/\/kromiker.hu\/en\/wp-json\/wp\/v2\/media?parent=4822"}],"wp:term":[{"taxonomy":"pwb-brand","embeddable":true,"href":"https:\/\/kromiker.hu\/en\/wp-json\/wp\/v2\/pwb-brand?post=4822"},{"taxonomy":"product_brand","embeddable":true,"href":"https:\/\/kromiker.hu\/en\/wp-json\/wp\/v2\/product_brand?post=4822"},{"taxonomy":"product_cat","embeddable":true,"href":"https:\/\/kromiker.hu\/en\/wp-json\/wp\/v2\/product_cat?post=4822"},{"taxonomy":"product_tag","embeddable":true,"href":"https:\/\/kromiker.hu\/en\/wp-json\/wp\/v2\/product_tag?post=4822"}],"curies":[{"name":"wp","href":"https:\/\/api.w.org\/{rel}","templated":true}]}}