{"id":4970,"date":"2026-02-11T19:06:32","date_gmt":"2026-02-11T18:06:32","guid":{"rendered":"https:\/\/halnoel1234-kmnuz.wpcomstaging.com\/?post_type=product&#038;p=4970"},"modified":"2026-03-30T21:03:15","modified_gmt":"2026-03-30T19:03:15","slug":"siebeck-frt-mf-kotozogep","status":"publish","type":"product","link":"https:\/\/kromiker.hu\/en\/product\/siebeck-frt-mf-kotozogep\/","title":{"rendered":"Siebeck FRT MF tying machine"},"content":{"rendered":"<p><strong>Main features:<\/strong><\/p>\n<ul>\n<li><strong>Sokoldal\u00fa k\u00f6t\u00f6z\u00e9si lehet\u0151s\u00e9gek<\/strong> \u2013 t\u00e1mogatja az 1\u2011, 2\u2011, 3\u2011 \u00e9s 4\u2011szeres k\u00f6t\u00f6z\u00e9st, kereszt\u2011 \u00e9s folyamatos k\u00f6t\u00e9st egyar\u00e1nt.<\/li>\n<li><strong>Kop\u00e1smentes szervo\u2011hajt\u00e1sok<\/strong> az \u00fczembiztos \u00e9s hossz\u00fa \u00e9lettartam\u00fa m\u0171k\u00f6d\u00e9s\u00e9rt.<\/li>\n<li><strong>Kontaktmentes kapcsol\u00e1s \u00e9s jelad\u00f3k<\/strong> (limit kapcsol\u00f3k), ami n\u00f6veli a megb\u00edzhat\u00f3s\u00e1got \u00e9s cs\u00f6kkenti a karbantart\u00e1si ig\u00e9nyt.<\/li>\n<li><strong>Nagy spulni<\/strong> a k\u00f6t\u00f6z\u0151 zsin\u00f3r sz\u00e1m\u00e1ra, amely cs\u00f6kkenti a le\u00e1ll\u00e1si id\u0151ket \u00e9s ritk\u00e1bb cser\u00e9t ig\u00e9nyel.<\/li>\n<li><strong>Levehet\u0151, z\u00e1rt marad\u00e9kgy\u0171jt\u0151 t\u00e1lca<\/strong>, amely megakad\u00e1lyozza a term\u00e9kmaradv\u00e1nyok sz\u00e9tsz\u00f3r\u00f3d\u00e1s\u00e1t a munkater\u00fcleten.<\/li>\n<li><strong>Robusztus ipari kivitel<\/strong> az \u00e9lelmiszer\u2011feldolgoz\u00f3 k\u00f6rnyezet ig\u00e9nyeihez alkalmazkodva.<\/li>\n<\/ul>\n<p><strong>The basic model has the following features:<\/strong><\/p>\n<ul>\n<li><strong>Ipari k\u00f6t\u00f6z\u0151 mechanika<\/strong> automatikus k\u00f6t\u00f6z\u00e9si ciklusokkal 1\u2011t\u0151l 4\u2011szeresig, kereszt\u2011 \u00e9s folyamatos m\u00f3dokkal.<\/li>\n<li><strong>Be\u00e9p\u00edtett LED kezel\u0151\u2011 \u00e9s vez\u00e9rl\u0151 panel<\/strong> a funkci\u00f3k \u00e9s k\u00f6t\u00f6z\u00e9si m\u00f3dok kiv\u00e1laszt\u00e1s\u00e1hoz.<\/li>\n<li><strong>Nagy kapacit\u00e1s\u00fa spulni tart\u00f3<\/strong> a huzal\/zsin\u00f3r sz\u00e1m\u00e1ra.<\/li>\n<li><strong>Levehet\u0151 marad\u00e9kgy\u0171jt\u0151 t\u00e1lca<\/strong> a tiszt\u00e1bb munka \u00e9rdek\u00e9ben.<\/li>\n<li><strong>Szervo\u2011hajt\u00e1s \u00e9s kontaktmentes \u00e9rz\u00e9kel\u0151k<\/strong> a g\u00f6rd\u00fcl\u00e9keny \u00e9s megb\u00edzhat\u00f3 m\u0171k\u00f6d\u00e9shez.<\/li>\n<\/ul>\n<p><strong>Accessories and optional accessories:<\/strong><\/p>\n<ul>\n<li><strong>Speci\u00e1lis sz\u00e1ll\u00edt\u00f3szalag\u2011adapterek<\/strong> \u2013 p\u00e9ld\u00e1ul be\u2011 \u00e9s kimeneti modulok a termel\u00e9si sorokhoz integr\u00e1l\u00e1shoz.<\/li>\n<li><strong>Zsin\u00f3r \u00e9s k\u00f6t\u00f6z\u0151anyag k\u00e9szletek<\/strong> k\u00fcl\u00f6nb\u00f6z\u0151 anyagokb\u00f3l (pamuthuzal, elasztikus k\u00f6t\u00e9sek stb.).<\/li>\n<li><strong>Tov\u00e1bbfejlesztett marad\u00e9kgy\u0171jt\u0151k vagy szennyez\u0151d\u00e9s\u2011v\u00e9d\u0151 elemek<\/strong> extr\u00e9m k\u00f6rnyezetekhez.<\/li>\n<li><strong><strong>Be\u00e9p\u00edtett hossz\u00fas\u00e1g\u2011 vagy m\u00e9ret\u00e9rz\u00e9ke<\/strong><\/strong><strong>l\u0151 egys\u00e9gek<\/strong> a m\u00e9g prec\u00edzebb k\u00f6t\u00f6z\u00e9si poz\u00edci\u00f3 \u00e9rdek\u00e9ben.<\/li>\n<\/ul>","protected":false},"excerpt":{"rendered":"<p>The <strong>Siebeck FRT\u2011MF<\/strong> egy robusztus <strong>ipari h\u00fas\u2011 \u00e9s h\u00fask\u00e9sz\u00edtm\u00e9ny\u2011k\u00f6t\u00f6z\u0151 (tying) g\u00e9p<\/strong>, amelyet a h\u00fas\u2011 \u00e9s baromfiipar sz\u00e1m\u00e1ra fejlesztettek ki. A g\u00e9p t\u00f6bbf\u00e9le k\u00f6t\u00f6z\u00e9si m\u00f3dot t\u00e1mogat (t\u00f6bb\u2011szoros, kereszt\u2011 vagy folyamatos k\u00f6t\u00f6z\u00e9s), \u00edgy <strong>nagyobb volumen\u0171 h\u00fasfeldolgoz\u00f3 \u00fczemekben<\/strong> hat\u00e9konyan n\u00f6veli a termel\u00e9kenys\u00e9get, mik\u00f6zben megfelel a magas higi\u00e9niai \u00e9s \u00e9lelmiszer\u2011biztons\u00e1gi k\u00f6vetelm\u00e9nyeknek.<\/p>\n<p><strong>Alkalmaz\u00e1si ter\u00fcletek<\/strong><\/p>\n<ul>\n<li><strong>H\u00fasfeldolgoz\u00f3 \u00fczemek<\/strong>, ahol nagyobb mennyis\u00e9g\u0171 term\u00e9k k\u00f6t\u00f6z\u00e9se sz\u00fcks\u00e9ges (pl. csirke, pulyka, rost\u00e9lyok, tekercsek).<\/li>\n<li><strong>Cutting bridges<\/strong>, ahol gyors \u00e9s egys\u00e9ges k\u00f6t\u00f6z\u00e9s fontos a tov\u00e1bbi feldolgoz\u00e1si l\u00e9p\u00e9sekhez.<\/li>\n<li><strong>Baromfi\u2011 \u00e9s sert\u00e9sh\u00fas\u2011feldolgoz\u00e1s<\/strong>, bele\u00e9rtve a forgatott, g\u00f6ngy\u00f6lt \u00e9s k\u00fcl\u00f6nf\u00e9le form\u00e1j\u00fa h\u00fask\u00e9sz\u00edtm\u00e9nyeket.<\/li>\n<li><strong>Nagy\u2011 \u00e9s kiskereskedelmi h\u00fasos pultok<\/strong>, ahol automatiz\u00e1lt k\u00f6t\u00f6z\u00e9s jav\u00edtja a term\u00e9kmegjelen\u00e9st \u00e9s cs\u00f6kkenti az emberi munkaer\u0151\u2011ig\u00e9nyt.<\/li>\n<\/ul>","protected":false},"featured_media":4972,"template":"","meta":{"_acf_changed":false,"_kad_post_transparent":"default","_kad_post_title":"","_kad_post_layout":"default","_kad_post_sidebar_id":"","_kad_post_content_style":"default","_kad_post_vertical_padding":"default","_kad_post_feature":"","_kad_post_feature_position":"","_kad_post_header":false,"_kad_post_footer":false,"_kad_post_classname":""},"pwb-brand":[],"product_brand":[1692],"product_cat":[1755,1739],"product_tag":[1881],"class_list":{"0":"post-4970","1":"product","2":"type-product","3":"status-publish","4":"has-post-thumbnail","6":"product_brand-siebeck","7":"product_cat-kotozo-fuzogepek","8":"product_cat-tovabbfeldolgozas","9":"product_tag-siebeck","11":"first","12":"instock","13":"shipping-taxable","14":"product-type-simple","15":"entry","16":"content-bg","17":"loop-entry"},"acf":[],"brands":[],"_links":{"self":[{"href":"https:\/\/kromiker.hu\/en\/wp-json\/wp\/v2\/product\/4970","targetHints":{"allow":["GET"]}}],"collection":[{"href":"https:\/\/kromiker.hu\/en\/wp-json\/wp\/v2\/product"}],"about":[{"href":"https:\/\/kromiker.hu\/en\/wp-json\/wp\/v2\/types\/product"}],"wp:featuredmedia":[{"embeddable":true,"href":"https:\/\/kromiker.hu\/en\/wp-json\/wp\/v2\/media\/4972"}],"wp:attachment":[{"href":"https:\/\/kromiker.hu\/en\/wp-json\/wp\/v2\/media?parent=4970"}],"wp:term":[{"taxonomy":"pwb-brand","embeddable":true,"href":"https:\/\/kromiker.hu\/en\/wp-json\/wp\/v2\/pwb-brand?post=4970"},{"taxonomy":"product_brand","embeddable":true,"href":"https:\/\/kromiker.hu\/en\/wp-json\/wp\/v2\/product_brand?post=4970"},{"taxonomy":"product_cat","embeddable":true,"href":"https:\/\/kromiker.hu\/en\/wp-json\/wp\/v2\/product_cat?post=4970"},{"taxonomy":"product_tag","embeddable":true,"href":"https:\/\/kromiker.hu\/en\/wp-json\/wp\/v2\/product_tag?post=4970"}],"curies":[{"name":"wp","href":"https:\/\/api.w.org\/{rel}","templated":true}]}}