{"id":5121,"date":"2026-03-02T16:03:49","date_gmt":"2026-03-02T15:03:49","guid":{"rendered":"https:\/\/halnoel1234-kmnuz.wpcomstaging.com\/?post_type=product&#038;p=5121"},"modified":"2026-03-30T21:01:49","modified_gmt":"2026-03-30T19:01:49","slug":"ruhle-ar20-kockazogep","status":"publish","type":"product","link":"https:\/\/kromiker.hu\/en\/product\/ruhle-ar20-kockazogep\/","title":{"rendered":"R\u00fchle AR20 dicing machine"},"content":{"rendered":"<p><strong>Main features:<\/strong><\/p>\n<ul>\n<li>Egyenletes \u00e9s tiszta v\u00e1g\u00e1sk\u00e9p<\/li>\n<li>\u00a0Kompakt, helytakar\u00e9kos ipari kivitel<\/li>\n<li>Hidraulikus term\u00e9ktov\u00e1bb\u00edt\u00e1s a stabil v\u00e1g\u00e1s\u00e9rt<\/li>\n<li>Cser\u00e9lhet\u0151 r\u00e1cs- \u00e9s k\u00e9srendszer<\/li>\n<li>Higi\u00e9nikus, k\u00f6nnyen tiszt\u00edthat\u00f3 szerkezet<\/li>\n<\/ul>\n<p data-start=\"1001\" data-end=\"1226\"><strong>The basic model has the following features:<\/strong><\/p>\n<ul>\n<li>Rozsdamentes ac\u00e9l g\u00e9pv\u00e1z \u00e9s v\u00e1g\u00f3egys\u00e9g<\/li>\n<li>\u00a0Hidraulikus nyom\u00f3rendszer<\/li>\n<li>Cser\u00e9lhet\u0151 r\u00e1cs- \u00e9s k\u00e9sk\u00e9szlet<\/li>\n<li>Ipari vez\u00e9rl\u0151panel<\/li>\n<li>Biztons\u00e1gi burkolatok \u00e9s v\u00e9szle\u00e1ll\u00edt\u00f3 rendszer<\/li>\n<\/ul>\n<p data-start=\"1228\" data-end=\"1428\"><strong>Accessories and optional accessories:<\/strong><\/p>\n<ul>\n<li>K\u00fcl\u00f6nb\u00f6z\u0151 r\u00e1cs- \u00e9s k\u00e9skombin\u00e1ci\u00f3k elt\u00e9r\u0151 v\u00e1g\u00e1sm\u00e9retekhez<\/li>\n<li>\u00a0Speci\u00e1lis v\u00e1g\u00f3k\u00e9s kivitelek<\/li>\n<li>\u00a0Integr\u00e1lhat\u00f3 kihord\u00f3 szalag<\/li>\n<li>Egyedi konfigur\u00e1ci\u00f3s lehet\u0151s\u00e9gek<\/li>\n<\/ul>","protected":false},"excerpt":{"rendered":"<p>Az <strong>R\u00fchle Original AR20<\/strong> egy kompakt, f\u00e9l-automata ipari kock\u00e1z\u00f3g\u00e9p, amelyet kisebb \u00e9s k\u00f6zepes kapacit\u00e1s\u00fa \u00e9lelmiszeripari feldolgoz\u00e1sra terveztek. A berendez\u00e9s prec\u00edz v\u00e1g\u00f3rendszer\u00e9vel egyenletes kock\u00e1k, cs\u00edkok \u00e9s szeletek el\u0151\u00e1ll\u00edt\u00e1s\u00e1ra alkalmas k\u00fcl\u00f6nb\u00f6z\u0151 alapanyagok eset\u00e9n. Robusztus, rozsdamentes ac\u00e9l kivitele \u00e9s higi\u00e9nikus kialak\u00edt\u00e1sa megb\u00edzhat\u00f3 m\u0171k\u00f6d\u00e9st biztos\u00edt ipari k\u00f6rnyezetben, mik\u00f6zben kis helyig\u00e9nye miatt k\u00f6nnyen integr\u00e1lhat\u00f3 megl\u00e9v\u0151 gy\u00e1rt\u00f3sorokba.<\/p>\n<p data-start=\"485\" data-end=\"775\"><strong>Applications:<\/strong><\/p>\n<p data-start=\"485\" data-end=\"775\"><br data-start=\"507\" data-end=\"510\" \/>\u2022 <strong>H\u00fasipar:<\/strong> darabolt \u00e9s szeletelt h\u00fasok kock\u00e1z\u00e1sa \u00e9s cs\u00edkoz\u00e1sa<br data-start=\"571\" data-end=\"574\" \/><strong>\u2022 Sajt- \u00e9s \u00e9lelmiszeripar<\/strong>: egys\u00e9ges m\u00e9ret\u0171 kock\u00e1k \u00e9s cs\u00edkok el\u0151\u00e1ll\u00edt\u00e1sa<br data-start=\"645\" data-end=\"648\" \/>\u2022 <strong>F\u00e9lk\u00e9sz \u00e9s k\u00e9sz\u00e9telek gy\u00e1rt\u00e1sa<\/strong>: pontos darabm\u00e9ret biztos\u00edt\u00e1sa<br data-start=\"711\" data-end=\"714\" \/>\u2022 <strong>Kisebb \u00e9s k\u00f6zepes feldolgoz\u00f3\u00fczemek<\/strong> alapanyag-el\u0151k\u00e9sz\u00edt\u00e9se<\/p>","protected":false},"featured_media":5125,"template":"","meta":{"_acf_changed":false,"_kad_post_transparent":"default","_kad_post_title":"","_kad_post_layout":"default","_kad_post_sidebar_id":"","_kad_post_content_style":"default","_kad_post_vertical_padding":"default","_kad_post_feature":"","_kad_post_feature_position":"","_kad_post_header":false,"_kad_post_footer":false,"_kad_post_classname":""},"pwb-brand":[],"product_brand":[1690],"product_cat":[1752,1756,1740,1739],"product_tag":[1877],"class_list":{"0":"post-5121","1":"product","2":"type-product","3":"status-publish","4":"has-post-thumbnail","6":"product_brand-ruhle","7":"product_cat-saslikkeszito-gepek","8":"product_cat-kockazo-csikozo-gepek","9":"product_cat-szeleteles-apritas-kockazas","10":"product_cat-tovabbfeldolgozas","11":"product_tag-ruhle","13":"first","14":"instock","15":"shipping-taxable","16":"product-type-simple","17":"entry","18":"content-bg","19":"loop-entry"},"acf":[],"brands":[],"_links":{"self":[{"href":"https:\/\/kromiker.hu\/en\/wp-json\/wp\/v2\/product\/5121","targetHints":{"allow":["GET"]}}],"collection":[{"href":"https:\/\/kromiker.hu\/en\/wp-json\/wp\/v2\/product"}],"about":[{"href":"https:\/\/kromiker.hu\/en\/wp-json\/wp\/v2\/types\/product"}],"wp:featuredmedia":[{"embeddable":true,"href":"https:\/\/kromiker.hu\/en\/wp-json\/wp\/v2\/media\/5125"}],"wp:attachment":[{"href":"https:\/\/kromiker.hu\/en\/wp-json\/wp\/v2\/media?parent=5121"}],"wp:term":[{"taxonomy":"pwb-brand","embeddable":true,"href":"https:\/\/kromiker.hu\/en\/wp-json\/wp\/v2\/pwb-brand?post=5121"},{"taxonomy":"product_brand","embeddable":true,"href":"https:\/\/kromiker.hu\/en\/wp-json\/wp\/v2\/product_brand?post=5121"},{"taxonomy":"product_cat","embeddable":true,"href":"https:\/\/kromiker.hu\/en\/wp-json\/wp\/v2\/product_cat?post=5121"},{"taxonomy":"product_tag","embeddable":true,"href":"https:\/\/kromiker.hu\/en\/wp-json\/wp\/v2\/product_tag?post=5121"}],"curies":[{"name":"wp","href":"https:\/\/api.w.org\/{rel}","templated":true}]}}