{"id":5133,"date":"2026-03-03T13:17:51","date_gmt":"2026-03-03T12:17:51","guid":{"rendered":"https:\/\/halnoel1234-kmnuz.wpcomstaging.com\/?post_type=product&#038;p=5133"},"modified":"2026-03-30T21:03:35","modified_gmt":"2026-03-30T19:03:35","slug":"xucla-kezfertotlenito-allomas","status":"publish","type":"product","link":"https:\/\/kromiker.hu\/en\/product\/xucla-kezfertotlenito-allomas\/","title":{"rendered":"Xucl\u00e1 hand disinfection station"},"content":{"rendered":"<p><strong>Main features:<br \/>\n<\/strong><\/p>\n<ul>\n<li>Id\u0151z\u00edtett, automatikus k\u00e9zfert\u0151tlen\u00edt\u0151 permetez\u00e9s<\/li>\n<li>\u00c1thalad\u00e1st szab\u00e1lyoz\u00f3 soromp\u00f3rendszer<\/li>\n<li>K\u00e9tkezes m\u0171k\u00f6dtet\u00e9s az el\u0151\u00edrt fert\u0151tlen\u00edt\u00e9si id\u0151 biztos\u00edt\u00e1s\u00e1hoz<\/li>\n<li>Rozsdamentes ac\u00e9l ipari kivitel<\/li>\n<li>K\u00fcls\u0151 bel\u00e9ptet\u0151 rendszerekkel integr\u00e1lhat\u00f3<\/li>\n<\/ul>\n<p><strong>The basic model has the following features.<\/strong><\/p>\n<ul>\n<li>Automatic hand disinfection spray system<\/li>\n<li>Passage control access unit<\/li>\n<li>Floor-mountable foot assembly<\/li>\n<li>Side holder for the chemical tank<\/li>\n<li>Electrical control with timed cycle<\/li>\n<\/ul>\n<p><strong>Accessories and optional accessories:<br \/>\n<\/strong><\/p>\n<ul>\n<li>K\u00e1rtyaolvas\u00f3val integr\u00e1lhat\u00f3 bel\u00e9ptet\u0151 rendszer<\/li>\n<li>Ujjlenyomat-olvas\u00f3s hozz\u00e1f\u00e9r\u00e9s-ellen\u0151rz\u00e9s<\/li>\n<li>Egy\u00e9b azonos\u00edt\u00f3 rendszerekkel val\u00f3 \u00f6sszekapcsol\u00e1s<\/li>\n<li>Vegyszerszint-ellen\u0151rz\u0151 rendszer<\/li>\n<li>K\u00e9tir\u00e1ny\u00fa bel\u00e9ptet\u00e9si opci\u00f3<\/li>\n<\/ul>","protected":false},"excerpt":{"rendered":"<p>The <strong>Xucl\u00e1 hand disinfection station <\/strong>egy kompakt, bel\u00e9ptet\u0151 rendszerbe integr\u00e1lt k\u00e9zfert\u0151tlen\u00edt\u0151 berendez\u00e9s, amelyet \u00e9lelmiszeripari \u00e9s egy\u00e9b magas higi\u00e9niai k\u00f6vetelm\u00e9ny\u0171 \u00fczemek sz\u00e1m\u00e1ra fejlesztettek ki. A rendszer m\u0171k\u00f6d\u00e9se sor\u00e1n a kezel\u0151 mindk\u00e9t kez\u00e9t az \u00e9rz\u00e9kel\u0151z\u00f3n\u00e1ba helyezi, amely id\u0151z\u00edtett fert\u0151tlen\u00edt\u0151szer-permetez\u00e9st ind\u00edt, \u00e9s csak a sikeres fert\u0151tlen\u00edt\u00e9st k\u00f6vet\u0151en enged\u00e9lyezi az \u00e1thalad\u00e1st. A berendez\u00e9s \u00edgy biztos\u00edtja a szem\u00e9lyi higi\u00e9niai el\u0151\u00edr\u00e1sok k\u00f6vetkezetes betart\u00e1s\u00e1t.<\/p>\n<p><strong>Applications:<\/strong><\/p>\n<p><strong>\u00a0<\/strong>A berendez\u00e9s els\u0151sorban \u00e9lelmiszeripari \u00fczemek szem\u00e9lyzeti bel\u00e9ptet\u0151 pontjain alkalmazhat\u00f3, ahol k\u00f6telez\u0151 a k\u00e9zfert\u0151tlen\u00edt\u00e9s az ellen\u0151rz\u00f6tt ter\u00fcletre t\u00f6rt\u00e9n\u0151 bel\u00e9p\u00e9s el\u0151tt. Ide\u00e1lis megold\u00e1s feldolgoz\u00f3-, csomagol\u00f3- \u00e9s el\u0151k\u00e9sz\u00edt\u0151 helyis\u00e9gek z\u00f3nahat\u00e1rain, valamint minden olyan ipari k\u00f6rnyezetben, ahol a HACCP rendszer r\u00e9szek\u00e9nt biztos\u00edtani kell a szem\u00e9lyi higi\u00e9nia ellen\u0151rz\u00f6tt betart\u00e1s\u00e1t.<\/p>","protected":false},"featured_media":5135,"template":"","meta":{"_acf_changed":false,"_kad_post_transparent":"default","_kad_post_title":"","_kad_post_layout":"default","_kad_post_sidebar_id":"","_kad_post_content_style":"default","_kad_post_vertical_padding":"default","_kad_post_feature":"","_kad_post_feature_position":"","_kad_post_header":false,"_kad_post_footer":false,"_kad_post_classname":""},"pwb-brand":[],"product_brand":[1711],"product_cat":[1773,1742],"product_tag":[1882],"class_list":{"0":"post-5133","1":"product","2":"type-product","3":"status-publish","4":"has-post-thumbnail","6":"product_brand-xucla","7":"product_cat-beleptetoallomas","8":"product_cat-higienia-mosas-fertotlenites","9":"product_tag-xucla","11":"first","12":"instock","13":"shipping-taxable","14":"product-type-simple","15":"entry","16":"content-bg","17":"loop-entry"},"acf":[],"brands":[],"_links":{"self":[{"href":"https:\/\/kromiker.hu\/en\/wp-json\/wp\/v2\/product\/5133","targetHints":{"allow":["GET"]}}],"collection":[{"href":"https:\/\/kromiker.hu\/en\/wp-json\/wp\/v2\/product"}],"about":[{"href":"https:\/\/kromiker.hu\/en\/wp-json\/wp\/v2\/types\/product"}],"wp:featuredmedia":[{"embeddable":true,"href":"https:\/\/kromiker.hu\/en\/wp-json\/wp\/v2\/media\/5135"}],"wp:attachment":[{"href":"https:\/\/kromiker.hu\/en\/wp-json\/wp\/v2\/media?parent=5133"}],"wp:term":[{"taxonomy":"pwb-brand","embeddable":true,"href":"https:\/\/kromiker.hu\/en\/wp-json\/wp\/v2\/pwb-brand?post=5133"},{"taxonomy":"product_brand","embeddable":true,"href":"https:\/\/kromiker.hu\/en\/wp-json\/wp\/v2\/product_brand?post=5133"},{"taxonomy":"product_cat","embeddable":true,"href":"https:\/\/kromiker.hu\/en\/wp-json\/wp\/v2\/product_cat?post=5133"},{"taxonomy":"product_tag","embeddable":true,"href":"https:\/\/kromiker.hu\/en\/wp-json\/wp\/v2\/product_tag?post=5133"}],"curies":[{"name":"wp","href":"https:\/\/api.w.org\/{rel}","templated":true}]}}