{"id":5329,"date":"2026-03-23T15:49:51","date_gmt":"2026-03-23T14:49:51","guid":{"rendered":"https:\/\/kromiker.hu\/?post_type=product&#038;p=5329"},"modified":"2026-05-14T11:12:08","modified_gmt":"2026-05-14T09:12:08","slug":"kilia-30-literes-vakuumos-fozokutter","status":"publish","type":"product","link":"https:\/\/kromiker.hu\/en\/product\/kilia-30-literes-vakuumos-fozokutter\/","title":{"rendered":"Kilia 30-litre vacuum cooking cutter"},"content":{"rendered":"<p><strong>Main features:<\/strong><\/p>\n<ul>\n<li data-start=\"871\" data-end=\"1403\">30 literes kompakt kutter t\u00e1ny\u00e9r, kb. 21 kg hasznos kapacit\u00e1ssal<\/li>\n<li data-start=\"871\" data-end=\"1403\">Fokozatmentesen szab\u00e1lyozhat\u00f3 k\u00e9sfordulatsz\u00e1m ak\u00e1r 5100 rpm-ig<\/li>\n<li data-start=\"871\" data-end=\"1403\">\u00c1ll\u00edthat\u00f3 t\u00e1lfordulat a homog\u00e9n kever\u00e9shez<\/li>\n<li data-start=\"871\" data-end=\"1403\">V\u00e1kuumos, f\u0151z\u0151 \u00e9s h\u0171t\u0151 opci\u00f3k a teljes technol\u00f3giai kontrollhoz<\/li>\n<li data-start=\"871\" data-end=\"1403\">\u00c9rint\u0151k\u00e9perny\u0151s \u00e9s manu\u00e1lis vez\u00e9rl\u00e9s kombin\u00e1ci\u00f3ja<\/li>\n<li data-start=\"871\" data-end=\"1403\">Higi\u00e9nikus, rozsdamentes ac\u00e9l kivitel<\/li>\n<\/ul>\n<p data-start=\"1405\" data-end=\"1452\"><strong data-start=\"1405\" data-end=\"1450\">The basic model has the following features:<\/strong><\/p>\n<ul>\n<li data-start=\"1454\" data-end=\"1661\">30 literes rozsdamentes kuttert\u00e1ny\u00e9r<\/li>\n<li data-start=\"1454\" data-end=\"1661\">Fokozatmentes k\u00e9stengely hajt\u00e1s<\/li>\n<li data-start=\"1454\" data-end=\"1661\">Fokozatmentes t\u00e1lhajt\u00e1s<\/li>\n<li data-start=\"1454\" data-end=\"1661\">\u00c9rint\u0151k\u00e9perny\u0151s kezel\u0151fel\u00fclet<\/li>\n<li data-start=\"1454\" data-end=\"1661\">Id\u0151z\u00edtett m\u0171k\u00f6d\u00e9s \u00e9s biztons\u00e1gi le\u00e1ll\u00edt\u00e1s<\/li>\n<li data-start=\"1454\" data-end=\"1661\">K\u00f6zponti ken\u0151rendszer<\/li>\n<\/ul>\n<p><strong>Accessories and optional accessories:<\/strong><\/p>\n<ul>\n<li data-start=\"1708\" data-end=\"1905\">\u00a0V\u00e1kuum rendszer<\/li>\n<li data-start=\"1708\" data-end=\"1905\">F\u0151z\u0151 funkci\u00f3 (f\u0171t\u00f6tt kivitel)<\/li>\n<li data-start=\"1708\" data-end=\"1905\">H\u0171t\u0151rendszer (jeges v\u00edz vagy egy\u00e9b k\u00f6zeg)<\/li>\n<li data-start=\"1708\" data-end=\"1905\">\u00a0Receptkezel\u0151 \u00e9s folyamatk\u00f6vet\u0151 rendszer<\/li>\n<li data-start=\"1708\" data-end=\"1905\">M\u00e9rlegrendszer<\/li>\n<li data-start=\"1708\" data-end=\"1905\">\u00a0Elektromos fed\u00e9lmozgat\u00e1s<\/li>\n<\/ul>","protected":false},"excerpt":{"rendered":"<p>The <strong data-start=\"40\" data-end=\"78\">Kilia Heltek 30 literes v\u00e1kuumos f\u0151z\u0151kutter<\/strong> egy kompakt, nagy teljes\u00edtm\u00e9ny\u0171 berendez\u00e9s, amelyet h\u00fasipari \u00e9s fejleszt\u00e9si felhaszn\u00e1l\u00e1sra terveztek. A g\u00e9p v\u00e1kuumos, opcion\u00e1lisan f\u0151z\u0151 \u00e9s h\u0171t\u0151 funkci\u00f3kkal is rendelhet\u0151, \u00edgy lehet\u0151v\u00e9 teszi k\u00fcl\u00f6nb\u00f6z\u0151 term\u00e9kek \u2013 p\u00e9ld\u00e1ul h\u00fasp\u00e9pek, emulzi\u00f3k \u00e9s n\u00f6v\u00e9nyi alap\u00fa k\u00e9sz\u00edtm\u00e9nyek \u2013 prec\u00edz el\u0151\u00e1ll\u00edt\u00e1s\u00e1t. A fokozatmentesen szab\u00e1lyozhat\u00f3 k\u00e9s- \u00e9s t\u00e1lhajt\u00e1s biztos\u00edtja az optim\u00e1lis feldolgoz\u00e1st \u00e9s az \u00e1lland\u00f3 min\u0151s\u00e9get.<\/p>\n<p data-start=\"527\" data-end=\"555\"><strong data-start=\"527\" data-end=\"553\">Applications:<\/strong><\/p>\n<ul>\n<li data-start=\"527\" data-end=\"555\">\u00a0H\u00fasiparban finomapr\u00edt\u00e1s, emulzi\u00f3k \u00e9s h\u00fasp\u00e9pek el\u0151\u00e1ll\u00edt\u00e1sa, ken\u0151m\u00e1jas k\u00e9sz\u00edt\u00e9se<\/li>\n<li data-start=\"527\" data-end=\"555\">H\u00fask\u00e9sz\u00edtm\u00e9ny-fejleszt\u00e9s (virsli, p\u00e1rizsi, kolb\u00e1sz alapmassz\u00e1k)<\/li>\n<li data-start=\"527\" data-end=\"555\">N\u00f6v\u00e9nyi alap\u00fa term\u00e9kek \u00e9s alternat\u00edv feh\u00e9rj\u00e9k feldolgoz\u00e1sa<\/li>\n<li data-start=\"527\" data-end=\"555\">K\u00eds\u00e9rleti \u00fczemekben \u00e9s labor k\u00f6rnyezetben receptfejleszt\u00e9s<\/li>\n<li data-start=\"527\" data-end=\"555\">Kis- \u00e9s k\u00f6zepes sz\u00e9ri\u00e1s gy\u00e1rt\u00e1s<\/li>\n<\/ul>","protected":false},"featured_media":5330,"template":"","meta":{"_acf_changed":false,"_kad_post_transparent":"default","_kad_post_title":"","_kad_post_layout":"default","_kad_post_sidebar_id":"","_kad_post_content_style":"default","_kad_post_vertical_padding":"default","_kad_post_feature":"","_kad_post_feature_position":"","_kad_post_header":false,"_kad_post_footer":false,"_kad_post_classname":""},"pwb-brand":[1902],"product_brand":[1720],"product_cat":[1749,1739],"product_tag":[1873],"class_list":{"0":"post-5329","1":"product","2":"type-product","3":"status-publish","4":"has-post-thumbnail","6":"pwb-brand-kilia","7":"product_brand-kilia","8":"product_cat-kutterek-mikrokutterek-finomapritok","9":"product_cat-tovabbfeldolgozas","10":"product_tag-kilia","12":"first","13":"instock","14":"shipping-taxable","15":"product-type-simple","16":"entry","17":"content-bg","18":"loop-entry"},"acf":[],"brands":[{"id":1902,"name":"Kilia","slug":"kilia"}],"_links":{"self":[{"href":"https:\/\/kromiker.hu\/en\/wp-json\/wp\/v2\/product\/5329","targetHints":{"allow":["GET"]}}],"collection":[{"href":"https:\/\/kromiker.hu\/en\/wp-json\/wp\/v2\/product"}],"about":[{"href":"https:\/\/kromiker.hu\/en\/wp-json\/wp\/v2\/types\/product"}],"wp:featuredmedia":[{"embeddable":true,"href":"https:\/\/kromiker.hu\/en\/wp-json\/wp\/v2\/media\/5330"}],"wp:attachment":[{"href":"https:\/\/kromiker.hu\/en\/wp-json\/wp\/v2\/media?parent=5329"}],"wp:term":[{"taxonomy":"pwb-brand","embeddable":true,"href":"https:\/\/kromiker.hu\/en\/wp-json\/wp\/v2\/pwb-brand?post=5329"},{"taxonomy":"product_brand","embeddable":true,"href":"https:\/\/kromiker.hu\/en\/wp-json\/wp\/v2\/product_brand?post=5329"},{"taxonomy":"product_cat","embeddable":true,"href":"https:\/\/kromiker.hu\/en\/wp-json\/wp\/v2\/product_cat?post=5329"},{"taxonomy":"product_tag","embeddable":true,"href":"https:\/\/kromiker.hu\/en\/wp-json\/wp\/v2\/product_tag?post=5329"}],"curies":[{"name":"wp","href":"https:\/\/api.w.org\/{rel}","templated":true}]}}