{"id":5431,"date":"2026-03-25T14:35:25","date_gmt":"2026-03-25T13:35:25","guid":{"rendered":"https:\/\/kromiker.hu\/?post_type=product&#038;p=5431"},"modified":"2026-04-17T08:52:50","modified_gmt":"2026-04-17T06:52:50","slug":"hts-250-vakuumtoltogep","status":"publish","type":"product","link":"https:\/\/kromiker.hu\/en\/product\/hts-250-vakuumtoltogep\/","title":{"rendered":"HTS 250H vacuum filling machine"},"content":{"rendered":"<p><strong>Main features:<\/strong><\/p>\n<ul>\n<li data-start=\"899\" data-end=\"1367\">Nagy teljes\u00edtm\u00e9ny\u0171 rotoros adagol\u00f3rendszer (16 lap\u00e1tos kivitel)<\/li>\n<li data-start=\"1369\" data-end=\"1416\">V\u00e1kuumos t\u00f6lt\u00e9si technol\u00f3gia \u2013 leveg\u0151mentes term\u00e9kmin\u0151s\u00e9g<\/li>\n<li data-start=\"1369\" data-end=\"1416\">Ak\u00e1r 50 bar t\u00f6lt\u00e9si nyom\u00e1s ipari alkalmaz\u00e1sokhoz<\/li>\n<li data-start=\"1369\" data-end=\"1416\">Nagy sebess\u00e9g\u0171 adagol\u00e1s \u00e9s p\u00e1roz\u00e1si lehet\u0151s\u00e9g<\/li>\n<li data-start=\"1369\" data-end=\"1416\">Minim\u00e1lis marad\u00e9kanyag a speci\u00e1lis adagol\u00f3rendszernek k\u00f6sz\u00f6nhet\u0151en<\/li>\n<li data-start=\"1369\" data-end=\"1416\">Magas adagol\u00e1si k\u00e9pess\u00e9g \u00e9s mindig azonos term\u00e9k, s\u00falyadag, \u00e9s m\u00e9ret pontoss\u00e1g<\/li>\n<\/ul>\n<p data-start=\"1369\" data-end=\"1416\"><strong data-start=\"1369\" data-end=\"1414\">The basic model has the following features:<\/strong><\/p>\n<ul>\n<li data-start=\"1418\" data-end=\"1729\">250 literes kiford\u00edthat\u00f3 t\u00f6lt\u0151t\u00f6lcs\u00e9r<\/li>\n<li>Rotoros adagol\u00f3 rendszer (16 lap\u00e1tos)<\/li>\n<li>\u00c9rint\u0151k\u00e9perny\u0151s vez\u00e9rl\u00e9s<\/li>\n<li data-start=\"2048\" data-end=\"2069\">Jelcsatlakoz\u00f3 k\u00fcls\u0151 egys\u00e9gekhez (klipszel\u0151, p\u00e1roz\u00f3)<\/li>\n<li>Stainless steel finish<\/li>\n<\/ul>\n<p><strong>Accessories and optional accessories:<\/strong><\/p>\n<ul>\n<li data-start=\"1776\" data-end=\"2046\">Kocsiemel\u0151 berendez\u00e9s<\/li>\n<li data-start=\"2048\" data-end=\"2069\">350 literes t\u00f6lcs\u00e9r opci\u00f3<\/li>\n<li data-start=\"2048\" data-end=\"2069\">V\u00e1kuumszivatty\u00fa (pl. 40 m\u00b3\/h)<\/li>\n<li data-start=\"2048\" data-end=\"2069\">P\u00e1roz\u00f3, hurkol\u00f3 \u00e9s klipszel\u0151 egys\u00e9gek<\/li>\n<li data-start=\"2048\" data-end=\"2069\">Integr\u00e1ci\u00f3 teljes gy\u00e1rt\u00f3sorba<\/li>\n<\/ul>","protected":false},"excerpt":{"rendered":"<p>A <strong data-start=\"30\" data-end=\"58\">HTS 250 H v\u00e1kuumt\u00f6lt\u0151g\u00e9p<\/strong> egy nagy teljes\u00edtm\u00e9ny\u0171, ipari kivitel\u0171 t\u00f6lt\u0151berendez\u00e9s, amelyet k\u00f6zepes \u00e9s nagy\u00fczemi h\u00fasipari felhaszn\u00e1l\u00e1sra terveztek. A rotoros adagol\u00f3rendszer \u00e9s a v\u00e1kuumos technol\u00f3gia biztos\u00edtja a leveg\u0151mentes, homog\u00e9n term\u00e9kszerkezetet, mik\u00f6zben kiemelked\u0151 adagol\u00e1si pontoss\u00e1got \u00e9s stabil t\u00f6lt\u00e9si teljes\u00edtm\u00e9nyt ny\u00fajt nagy sebess\u00e9g mellett is. A g\u00e9p magasabb teljes\u00edtm\u00e9nytartal\u00e9kot \u00e9s intenz\u00edv, folyamatos \u00fczemre optimaliz\u00e1lt m\u0171k\u00f6d\u00e9st biztos\u00edt.<\/p>\n<p data-start=\"548\" data-end=\"576\"><strong data-start=\"548\" data-end=\"574\">Applications:<\/strong><\/p>\n<ul>\n<li data-start=\"578\" data-end=\"876\">H\u00fasiparban nagy kapacit\u00e1s\u00fa kolb\u00e1sz- \u00e9s virsligy\u00e1rt\u00e1s<\/li>\n<li data-start=\"878\" data-end=\"897\">P\u00e1rizsi, felv\u00e1gottak folyamatos el\u0151\u00e1ll\u00edt\u00e1sa<\/li>\n<li data-start=\"878\" data-end=\"897\">Ipari sorozatgy\u00e1rt\u00e1s automatiz\u00e1lt klipszel\u0151 \u00e9s p\u00e1roz\u00f3 rendszerekkel<\/li>\n<li data-start=\"878\" data-end=\"897\">Nagy\u00fczemi feldolgoz\u00f3 vonalak kiszolg\u00e1l\u00e1sa<\/li>\n<li data-start=\"878\" data-end=\"897\">Egy\u00e9b viszk\u00f3zus \u00e9lelmiszerek nagy mennyis\u00e9g\u0171 adagol\u00e1sa<\/li>\n<\/ul>","protected":false},"featured_media":5432,"template":"","meta":{"_acf_changed":false,"_kad_post_transparent":"default","_kad_post_title":"","_kad_post_layout":"default","_kad_post_sidebar_id":"","_kad_post_content_style":"default","_kad_post_vertical_padding":"default","_kad_post_feature":"","_kad_post_feature_position":"","_kad_post_header":false,"_kad_post_footer":false,"_kad_post_classname":""},"product_brand":[1707],"product_cat":[1751,1739],"product_tag":[1870],"class_list":{"0":"post-5431","1":"product","2":"type-product","3":"status-publish","4":"has-post-thumbnail","6":"product_brand-hts","7":"product_cat-tolto-zarogepek","8":"product_cat-tovabbfeldolgozas","9":"product_tag-hts","11":"first","12":"instock","13":"shipping-taxable","14":"product-type-simple","15":"entry","16":"content-bg","17":"loop-entry"},"acf":[],"_links":{"self":[{"href":"https:\/\/kromiker.hu\/en\/wp-json\/wp\/v2\/product\/5431","targetHints":{"allow":["GET"]}}],"collection":[{"href":"https:\/\/kromiker.hu\/en\/wp-json\/wp\/v2\/product"}],"about":[{"href":"https:\/\/kromiker.hu\/en\/wp-json\/wp\/v2\/types\/product"}],"wp:featuredmedia":[{"embeddable":true,"href":"https:\/\/kromiker.hu\/en\/wp-json\/wp\/v2\/media\/5432"}],"wp:attachment":[{"href":"https:\/\/kromiker.hu\/en\/wp-json\/wp\/v2\/media?parent=5431"}],"wp:term":[{"taxonomy":"product_brand","embeddable":true,"href":"https:\/\/kromiker.hu\/en\/wp-json\/wp\/v2\/product_brand?post=5431"},{"taxonomy":"product_cat","embeddable":true,"href":"https:\/\/kromiker.hu\/en\/wp-json\/wp\/v2\/product_cat?post=5431"},{"taxonomy":"product_tag","embeddable":true,"href":"https:\/\/kromiker.hu\/en\/wp-json\/wp\/v2\/product_tag?post=5431"}],"curies":[{"name":"wp","href":"https:\/\/api.w.org\/{rel}","templated":true}]}}